{"id":3020,"date":"2026-04-25T09:48:16","date_gmt":"2026-04-25T09:48:16","guid":{"rendered":"https:\/\/islasportwear.com\/?post_type=product&#038;p=3020"},"modified":"2026-04-26T08:06:53","modified_gmt":"2026-04-26T08:06:53","slug":"pantalon-warrior","status":"publish","type":"product","link":"https:\/\/islasportwear.com\/en\/product\/pantalon-warrior\/","title":{"rendered":"Pantal\u00f3n Warrior"},"content":{"rendered":"<p class=\"p1\">El <span class=\"s1\"><b>Pantal\u00f3n Largo de Ch\u00e1ndal Warrior<\/b><\/span>\u00a0est\u00e1 dise\u00f1ado para equipos, clubes y deportistas que buscan una prenda c\u00f3moda, resistente y totalmente personalizable. Se fabrica en tejido de <span class=\"s1\"><b>poli\u00e9ster sin perchar<\/b><\/span>, el material habitual en ch\u00e1ndales deportivos: ligero, funcional y adecuado tanto para entrenamientos como para uso diario.<\/p>\n<p class=\"p1\">Est\u00e1 disponible en <span class=\"s1\"><b>corte regular<\/b><\/span> o en versi\u00f3n <span class=\"s1\"><b>entubada con pu\u00f1os en el bajo<\/b><\/span>, adapt\u00e1ndose al estilo y necesidad de cada equipo. Incorpora <span class=\"s1\"><b>bolsillos laterales<\/b><\/span>, <span class=\"s1\"><b>cintura el\u00e1stica<\/b><\/span> y <span class=\"s1\"><b>cord\u00f3n ajustable<\/b><\/span>, ofreciendo un ajuste seguro sin perder comodidad.<\/p>\n<p class=\"p1\"><b>Caracter\u00edsticas principales:<\/b><br \/>\nTejido de <span class=\"s1\"><b>poli\u00e9ster deportivo sin perchar<\/b><\/span>.<br \/>\nDisponible en <span class=\"s1\"><b>corte regular<\/b><\/span> o <span class=\"s1\"><b>corte entubado<\/b><\/span>.<br \/>\nOpci\u00f3n con <span class=\"s1\"><b>pu\u00f1os en el bajo<\/b><\/span>.<br \/>\nBolsillos laterales funcionales.<br \/>\nCintura el\u00e1stica con cord\u00f3n ajustable.<br \/>\nC\u00f3modo, ligero y resistente.<br \/>\nDise\u00f1o fullprint totalmente personalizable.<br \/>\nIdeal para ch\u00e1ndales de club, equipaciones deportivas, entrenamientos y ropa casual deportiva.<\/p>","protected":false},"excerpt":{"rendered":"<div class=\"\" data-turn-id-container=\"7581f048-7028-4fc1-a21e-5f9b6c5b0301\" data-is-intersecting=\"true\">\n<p class=\"p1\">Pantal\u00f3n largo de ch\u00e1ndal deportivo, c\u00f3modo y personalizable, disponible en corte regular o entubado con pu\u00f1o inferior.<\/p>\n<\/div>","protected":false},"featured_media":3023,"comment_status":"open","ping_status":"closed","template":"","meta":[],"product_brand":[46],"product_cat":[44],"product_tag":[],"class_list":{"0":"post-3020","1":"product","2":"type-product","3":"status-publish","4":"has-post-thumbnail","6":"product_brand-kroma","7":"product_cat-pantalones-y-mallas","9":"first","10":"instock","11":"shipping-taxable","12":"product-type-simple"},"yoast_head":"<!-- This site is optimized with the Yoast SEO plugin v27.3 - https:\/\/yoast.com\/product\/yoast-seo-wordpress\/ -->\n<title>Pantal\u00f3n Warrior - KROMA<\/title>\n<meta name=\"robots\" content=\"index, follow, max-snippet:-1, max-image-preview:large, max-video-preview:-1\" \/>\n<link rel=\"canonical\" href=\"https:\/\/islasportwear.com\/en\/product\/pantalon-warrior\/\" \/>\n<meta property=\"og:locale\" content=\"en_GB\" \/>\n<meta property=\"og:type\" content=\"article\" \/>\n<meta property=\"og:title\" content=\"Pantal\u00f3n Warrior - KROMA\" \/>\n<meta property=\"og:description\" content=\"Pantal\u00f3n largo de ch\u00e1ndal deportivo, c\u00f3modo y personalizable, disponible en corte regular o entubado con pu\u00f1o inferior.\" \/>\n<meta property=\"og:url\" content=\"https:\/\/islasportwear.com\/en\/product\/pantalon-warrior\/\" \/>\n<meta property=\"og:site_name\" content=\"KROMA\" \/>\n<meta property=\"article:modified_time\" content=\"2026-04-26T08:06:53+00:00\" \/>\n<meta property=\"og:image\" content=\"https:\/\/islasportwear.com\/wp-content\/uploads\/2026\/04\/9DB537C7-9A90-4913-BE07-06628ECD5166.jpg\" \/>\n\t<meta property=\"og:image:width\" content=\"864\" \/>\n\t<meta property=\"og:image:height\" content=\"864\" \/>\n\t<meta property=\"og:image:type\" content=\"image\/jpeg\" \/>\n<meta name=\"twitter:card\" content=\"summary_large_image\" \/>\n<meta name=\"twitter:label1\" content=\"Estimated reading time\" \/>\n\t<meta name=\"twitter:data1\" content=\"1 minute\" \/>\n<script type=\"application\/ld+json\" class=\"yoast-schema-graph\">{\"@context\":\"https:\\\/\\\/schema.org\",\"@graph\":[{\"@type\":\"WebPage\",\"@id\":\"https:\\\/\\\/islasportwear.com\\\/producto\\\/pantalon-warrior\\\/\",\"url\":\"https:\\\/\\\/islasportwear.com\\\/producto\\\/pantalon-warrior\\\/\",\"name\":\"Pantal\u00f3n Warrior - KROMA\",\"isPartOf\":{\"@id\":\"https:\\\/\\\/islasportwear.com\\\/#website\"},\"primaryImageOfPage\":{\"@id\":\"https:\\\/\\\/islasportwear.com\\\/producto\\\/pantalon-warrior\\\/#primaryimage\"},\"image\":{\"@id\":\"https:\\\/\\\/islasportwear.com\\\/producto\\\/pantalon-warrior\\\/#primaryimage\"},\"thumbnailUrl\":\"https:\\\/\\\/islasportwear.com\\\/wp-content\\\/uploads\\\/2026\\\/04\\\/9DB537C7-9A90-4913-BE07-06628ECD5166.jpg\",\"datePublished\":\"2026-04-25T09:48:16+00:00\",\"dateModified\":\"2026-04-26T08:06:53+00:00\",\"breadcrumb\":{\"@id\":\"https:\\\/\\\/islasportwear.com\\\/producto\\\/pantalon-warrior\\\/#breadcrumb\"},\"inLanguage\":\"en-GB\",\"potentialAction\":[{\"@type\":\"ReadAction\",\"target\":[\"https:\\\/\\\/islasportwear.com\\\/producto\\\/pantalon-warrior\\\/\"]}]},{\"@type\":\"ImageObject\",\"inLanguage\":\"en-GB\",\"@id\":\"https:\\\/\\\/islasportwear.com\\\/producto\\\/pantalon-warrior\\\/#primaryimage\",\"url\":\"https:\\\/\\\/islasportwear.com\\\/wp-content\\\/uploads\\\/2026\\\/04\\\/9DB537C7-9A90-4913-BE07-06628ECD5166.jpg\",\"contentUrl\":\"https:\\\/\\\/islasportwear.com\\\/wp-content\\\/uploads\\\/2026\\\/04\\\/9DB537C7-9A90-4913-BE07-06628ECD5166.jpg\",\"width\":864,\"height\":864},{\"@type\":\"BreadcrumbList\",\"@id\":\"https:\\\/\\\/islasportwear.com\\\/producto\\\/pantalon-warrior\\\/#breadcrumb\",\"itemListElement\":[{\"@type\":\"ListItem\",\"position\":1,\"name\":\"Portada\",\"item\":\"https:\\\/\\\/islasportwear.com\\\/\"},{\"@type\":\"ListItem\",\"position\":2,\"name\":\"Prendas\",\"item\":\"https:\\\/\\\/islasportwear.com\\\/prendas\\\/\"},{\"@type\":\"ListItem\",\"position\":3,\"name\":\"Pantal\u00f3n Warrior\"}]},{\"@type\":\"WebSite\",\"@id\":\"https:\\\/\\\/islasportwear.com\\\/#website\",\"url\":\"https:\\\/\\\/islasportwear.com\\\/\",\"name\":\"KROMA\",\"description\":\"Custom Sportswear\",\"publisher\":{\"@id\":\"https:\\\/\\\/islasportwear.com\\\/#organization\"},\"potentialAction\":[{\"@type\":\"SearchAction\",\"target\":{\"@type\":\"EntryPoint\",\"urlTemplate\":\"https:\\\/\\\/islasportwear.com\\\/?s={search_term_string}\"},\"query-input\":{\"@type\":\"PropertyValueSpecification\",\"valueRequired\":true,\"valueName\":\"search_term_string\"}}],\"inLanguage\":\"en-GB\"},{\"@type\":\"Organization\",\"@id\":\"https:\\\/\\\/islasportwear.com\\\/#organization\",\"name\":\"KROMA\",\"url\":\"https:\\\/\\\/islasportwear.com\\\/\",\"logo\":{\"@type\":\"ImageObject\",\"inLanguage\":\"en-GB\",\"@id\":\"https:\\\/\\\/islasportwear.com\\\/#\\\/schema\\\/logo\\\/image\\\/\",\"url\":\"https:\\\/\\\/islasportwear.com\\\/wp-content\\\/uploads\\\/2026\\\/03\\\/kroma-logo-2.png\",\"contentUrl\":\"https:\\\/\\\/islasportwear.com\\\/wp-content\\\/uploads\\\/2026\\\/03\\\/kroma-logo-2.png\",\"width\":1446,\"height\":281,\"caption\":\"KROMA\"},\"image\":{\"@id\":\"https:\\\/\\\/islasportwear.com\\\/#\\\/schema\\\/logo\\\/image\\\/\"}}]}<\/script>\n<!-- \/ Yoast SEO plugin. -->","yoast_head_json":{"title":"Pantal\u00f3n Warrior - KROMA","robots":{"index":"index","follow":"follow","max-snippet":"max-snippet:-1","max-image-preview":"max-image-preview:large","max-video-preview":"max-video-preview:-1"},"canonical":"https:\/\/islasportwear.com\/en\/product\/pantalon-warrior\/","og_locale":"en_GB","og_type":"article","og_title":"Pantal\u00f3n Warrior - KROMA","og_description":"Pantal\u00f3n largo de ch\u00e1ndal deportivo, c\u00f3modo y personalizable, disponible en corte regular o entubado con pu\u00f1o inferior.","og_url":"https:\/\/islasportwear.com\/en\/product\/pantalon-warrior\/","og_site_name":"KROMA","article_modified_time":"2026-04-26T08:06:53+00:00","og_image":[{"width":864,"height":864,"url":"https:\/\/islasportwear.com\/wp-content\/uploads\/2026\/04\/9DB537C7-9A90-4913-BE07-06628ECD5166.jpg","type":"image\/jpeg"}],"twitter_card":"summary_large_image","twitter_misc":{"Estimated reading time":"1 minute"},"schema":{"@context":"https:\/\/schema.org","@graph":[{"@type":"WebPage","@id":"https:\/\/islasportwear.com\/producto\/pantalon-warrior\/","url":"https:\/\/islasportwear.com\/producto\/pantalon-warrior\/","name":"Pantal\u00f3n Warrior - KROMA","isPartOf":{"@id":"https:\/\/islasportwear.com\/#website"},"primaryImageOfPage":{"@id":"https:\/\/islasportwear.com\/producto\/pantalon-warrior\/#primaryimage"},"image":{"@id":"https:\/\/islasportwear.com\/producto\/pantalon-warrior\/#primaryimage"},"thumbnailUrl":"https:\/\/islasportwear.com\/wp-content\/uploads\/2026\/04\/9DB537C7-9A90-4913-BE07-06628ECD5166.jpg","datePublished":"2026-04-25T09:48:16+00:00","dateModified":"2026-04-26T08:06:53+00:00","breadcrumb":{"@id":"https:\/\/islasportwear.com\/producto\/pantalon-warrior\/#breadcrumb"},"inLanguage":"en-GB","potentialAction":[{"@type":"ReadAction","target":["https:\/\/islasportwear.com\/producto\/pantalon-warrior\/"]}]},{"@type":"ImageObject","inLanguage":"en-GB","@id":"https:\/\/islasportwear.com\/producto\/pantalon-warrior\/#primaryimage","url":"https:\/\/islasportwear.com\/wp-content\/uploads\/2026\/04\/9DB537C7-9A90-4913-BE07-06628ECD5166.jpg","contentUrl":"https:\/\/islasportwear.com\/wp-content\/uploads\/2026\/04\/9DB537C7-9A90-4913-BE07-06628ECD5166.jpg","width":864,"height":864},{"@type":"BreadcrumbList","@id":"https:\/\/islasportwear.com\/producto\/pantalon-warrior\/#breadcrumb","itemListElement":[{"@type":"ListItem","position":1,"name":"Portada","item":"https:\/\/islasportwear.com\/"},{"@type":"ListItem","position":2,"name":"Prendas","item":"https:\/\/islasportwear.com\/prendas\/"},{"@type":"ListItem","position":3,"name":"Pantal\u00f3n Warrior"}]},{"@type":"WebSite","@id":"https:\/\/islasportwear.com\/#website","url":"https:\/\/islasportwear.com\/","name":"KROMA","description":"Custom Sportswear","publisher":{"@id":"https:\/\/islasportwear.com\/#organization"},"potentialAction":[{"@type":"SearchAction","target":{"@type":"EntryPoint","urlTemplate":"https:\/\/islasportwear.com\/?s={search_term_string}"},"query-input":{"@type":"PropertyValueSpecification","valueRequired":true,"valueName":"search_term_string"}}],"inLanguage":"en-GB"},{"@type":"Organization","@id":"https:\/\/islasportwear.com\/#organization","name":"KROMA","url":"https:\/\/islasportwear.com\/","logo":{"@type":"ImageObject","inLanguage":"en-GB","@id":"https:\/\/islasportwear.com\/#\/schema\/logo\/image\/","url":"https:\/\/islasportwear.com\/wp-content\/uploads\/2026\/03\/kroma-logo-2.png","contentUrl":"https:\/\/islasportwear.com\/wp-content\/uploads\/2026\/03\/kroma-logo-2.png","width":1446,"height":281,"caption":"KROMA"},"image":{"@id":"https:\/\/islasportwear.com\/#\/schema\/logo\/image\/"}}]}},"_links":{"self":[{"href":"https:\/\/islasportwear.com\/en\/wp-json\/wp\/v2\/product\/3020","targetHints":{"allow":["GET"]}}],"collection":[{"href":"https:\/\/islasportwear.com\/en\/wp-json\/wp\/v2\/product"}],"about":[{"href":"https:\/\/islasportwear.com\/en\/wp-json\/wp\/v2\/types\/product"}],"replies":[{"embeddable":true,"href":"https:\/\/islasportwear.com\/en\/wp-json\/wp\/v2\/comments?post=3020"}],"wp:featuredmedia":[{"embeddable":true,"href":"https:\/\/islasportwear.com\/en\/wp-json\/wp\/v2\/media\/3023"}],"wp:attachment":[{"href":"https:\/\/islasportwear.com\/en\/wp-json\/wp\/v2\/media?parent=3020"}],"wp:term":[{"taxonomy":"product_brand","embeddable":true,"href":"https:\/\/islasportwear.com\/en\/wp-json\/wp\/v2\/product_brand?post=3020"},{"taxonomy":"product_cat","embeddable":true,"href":"https:\/\/islasportwear.com\/en\/wp-json\/wp\/v2\/product_cat?post=3020"},{"taxonomy":"product_tag","embeddable":true,"href":"https:\/\/islasportwear.com\/en\/wp-json\/wp\/v2\/product_tag?post=3020"}],"curies":[{"name":"wp","href":"https:\/\/api.w.org\/{rel}","templated":true}]}}