{"id":3018,"date":"2026-04-25T09:46:12","date_gmt":"2026-04-25T09:46:12","guid":{"rendered":"https:\/\/islasportwear.com\/?post_type=product&#038;p=3018"},"modified":"2026-04-25T09:57:01","modified_gmt":"2026-04-25T09:57:01","slug":"conjunto-winder","status":"publish","type":"product","link":"https:\/\/islasportwear.com\/en\/product\/conjunto-winder\/","title":{"rendered":"Conjunto Winder"},"content":{"rendered":"<p class=\"p1\">Ch\u00e1ndal deportivo personalizable compuesto por pantal\u00f3n y chaqueta tracktop. Un conjunto c\u00f3modo, ligero y vers\u00e1til, ideal para entrenamientos, desplazamientos, equipos o uso casual. Su dise\u00f1o fullprint permite crear una est\u00e9tica totalmente \u00fanica, adaptada a los colores, escudo e identidad de cada club o marca.<\/p>","protected":false},"excerpt":{"rendered":"<p data-start=\"0\" data-end=\"42\">Ch\u00e1ndal deportivo personalizable compuesto por pantal\u00f3n y chaqueta tracktop. Un conjunto c\u00f3modo, ligero y vers\u00e1til, ideal para entrenamientos, desplazamientos, equipos o uso casual. Su dise\u00f1o fullprint permite crear una est\u00e9tica totalmente \u00fanica, adaptada a los colores, escudo e identidad de cada club o marca.<\/p>","protected":false},"featured_media":3019,"comment_status":"open","ping_status":"closed","template":"","meta":[],"product_brand":[46],"product_cat":[45],"product_tag":[],"class_list":{"0":"post-3018","1":"product","2":"type-product","3":"status-publish","4":"has-post-thumbnail","6":"product_brand-kroma","7":"product_cat-conjuntos","9":"first","10":"instock","11":"shipping-taxable","12":"product-type-simple"},"yoast_head":"<!-- This site is optimized with the Yoast SEO plugin v27.3 - https:\/\/yoast.com\/product\/yoast-seo-wordpress\/ -->\n<title>Conjunto Winder - KROMA<\/title>\n<meta name=\"robots\" content=\"index, follow, max-snippet:-1, max-image-preview:large, max-video-preview:-1\" \/>\n<link rel=\"canonical\" href=\"https:\/\/islasportwear.com\/en\/product\/conjunto-winder\/\" \/>\n<meta property=\"og:locale\" content=\"en_GB\" \/>\n<meta property=\"og:type\" content=\"article\" \/>\n<meta property=\"og:title\" content=\"Conjunto Winder - KROMA\" \/>\n<meta property=\"og:description\" content=\"Ch\u00e1ndal deportivo personalizable compuesto por pantal\u00f3n y chaqueta tracktop. Un conjunto c\u00f3modo, ligero y vers\u00e1til, ideal para entrenamientos, desplazamientos, equipos o uso casual. Su dise\u00f1o fullprint permite crear una est\u00e9tica totalmente \u00fanica, adaptada a los colores, escudo e identidad de cada club o marca.\" \/>\n<meta property=\"og:url\" content=\"https:\/\/islasportwear.com\/en\/product\/conjunto-winder\/\" \/>\n<meta property=\"og:site_name\" content=\"KROMA\" \/>\n<meta property=\"article:modified_time\" content=\"2026-04-25T09:57:01+00:00\" \/>\n<meta property=\"og:image\" content=\"https:\/\/islasportwear.com\/wp-content\/uploads\/2026\/04\/chandal.png\" \/>\n\t<meta property=\"og:image:width\" content=\"1254\" \/>\n\t<meta property=\"og:image:height\" content=\"1254\" \/>\n\t<meta property=\"og:image:type\" content=\"image\/png\" \/>\n<meta name=\"twitter:card\" content=\"summary_large_image\" \/>\n<meta name=\"twitter:label1\" content=\"Estimated reading time\" \/>\n\t<meta name=\"twitter:data1\" content=\"1 minute\" \/>\n<script type=\"application\/ld+json\" class=\"yoast-schema-graph\">{\"@context\":\"https:\\\/\\\/schema.org\",\"@graph\":[{\"@type\":\"WebPage\",\"@id\":\"https:\\\/\\\/islasportwear.com\\\/producto\\\/conjunto-winder\\\/\",\"url\":\"https:\\\/\\\/islasportwear.com\\\/producto\\\/conjunto-winder\\\/\",\"name\":\"Conjunto Winder - KROMA\",\"isPartOf\":{\"@id\":\"https:\\\/\\\/islasportwear.com\\\/#website\"},\"primaryImageOfPage\":{\"@id\":\"https:\\\/\\\/islasportwear.com\\\/producto\\\/conjunto-winder\\\/#primaryimage\"},\"image\":{\"@id\":\"https:\\\/\\\/islasportwear.com\\\/producto\\\/conjunto-winder\\\/#primaryimage\"},\"thumbnailUrl\":\"https:\\\/\\\/islasportwear.com\\\/wp-content\\\/uploads\\\/2026\\\/04\\\/chandal.png\",\"datePublished\":\"2026-04-25T09:46:12+00:00\",\"dateModified\":\"2026-04-25T09:57:01+00:00\",\"breadcrumb\":{\"@id\":\"https:\\\/\\\/islasportwear.com\\\/producto\\\/conjunto-winder\\\/#breadcrumb\"},\"inLanguage\":\"en-GB\",\"potentialAction\":[{\"@type\":\"ReadAction\",\"target\":[\"https:\\\/\\\/islasportwear.com\\\/producto\\\/conjunto-winder\\\/\"]}]},{\"@type\":\"ImageObject\",\"inLanguage\":\"en-GB\",\"@id\":\"https:\\\/\\\/islasportwear.com\\\/producto\\\/conjunto-winder\\\/#primaryimage\",\"url\":\"https:\\\/\\\/islasportwear.com\\\/wp-content\\\/uploads\\\/2026\\\/04\\\/chandal.png\",\"contentUrl\":\"https:\\\/\\\/islasportwear.com\\\/wp-content\\\/uploads\\\/2026\\\/04\\\/chandal.png\",\"width\":1254,\"height\":1254},{\"@type\":\"BreadcrumbList\",\"@id\":\"https:\\\/\\\/islasportwear.com\\\/producto\\\/conjunto-winder\\\/#breadcrumb\",\"itemListElement\":[{\"@type\":\"ListItem\",\"position\":1,\"name\":\"Portada\",\"item\":\"https:\\\/\\\/islasportwear.com\\\/\"},{\"@type\":\"ListItem\",\"position\":2,\"name\":\"Prendas\",\"item\":\"https:\\\/\\\/islasportwear.com\\\/prendas\\\/\"},{\"@type\":\"ListItem\",\"position\":3,\"name\":\"Conjunto Winder\"}]},{\"@type\":\"WebSite\",\"@id\":\"https:\\\/\\\/islasportwear.com\\\/#website\",\"url\":\"https:\\\/\\\/islasportwear.com\\\/\",\"name\":\"KROMA\",\"description\":\"Custom Sportswear\",\"publisher\":{\"@id\":\"https:\\\/\\\/islasportwear.com\\\/#organization\"},\"potentialAction\":[{\"@type\":\"SearchAction\",\"target\":{\"@type\":\"EntryPoint\",\"urlTemplate\":\"https:\\\/\\\/islasportwear.com\\\/?s={search_term_string}\"},\"query-input\":{\"@type\":\"PropertyValueSpecification\",\"valueRequired\":true,\"valueName\":\"search_term_string\"}}],\"inLanguage\":\"en-GB\"},{\"@type\":\"Organization\",\"@id\":\"https:\\\/\\\/islasportwear.com\\\/#organization\",\"name\":\"KROMA\",\"url\":\"https:\\\/\\\/islasportwear.com\\\/\",\"logo\":{\"@type\":\"ImageObject\",\"inLanguage\":\"en-GB\",\"@id\":\"https:\\\/\\\/islasportwear.com\\\/#\\\/schema\\\/logo\\\/image\\\/\",\"url\":\"https:\\\/\\\/islasportwear.com\\\/wp-content\\\/uploads\\\/2026\\\/03\\\/kroma-logo-2.png\",\"contentUrl\":\"https:\\\/\\\/islasportwear.com\\\/wp-content\\\/uploads\\\/2026\\\/03\\\/kroma-logo-2.png\",\"width\":1446,\"height\":281,\"caption\":\"KROMA\"},\"image\":{\"@id\":\"https:\\\/\\\/islasportwear.com\\\/#\\\/schema\\\/logo\\\/image\\\/\"}}]}<\/script>\n<!-- \/ Yoast SEO plugin. -->","yoast_head_json":{"title":"Conjunto Winder - KROMA","robots":{"index":"index","follow":"follow","max-snippet":"max-snippet:-1","max-image-preview":"max-image-preview:large","max-video-preview":"max-video-preview:-1"},"canonical":"https:\/\/islasportwear.com\/en\/product\/conjunto-winder\/","og_locale":"en_GB","og_type":"article","og_title":"Conjunto Winder - KROMA","og_description":"Ch\u00e1ndal deportivo personalizable compuesto por pantal\u00f3n y chaqueta tracktop. Un conjunto c\u00f3modo, ligero y vers\u00e1til, ideal para entrenamientos, desplazamientos, equipos o uso casual. Su dise\u00f1o fullprint permite crear una est\u00e9tica totalmente \u00fanica, adaptada a los colores, escudo e identidad de cada club o marca.","og_url":"https:\/\/islasportwear.com\/en\/product\/conjunto-winder\/","og_site_name":"KROMA","article_modified_time":"2026-04-25T09:57:01+00:00","og_image":[{"width":1254,"height":1254,"url":"https:\/\/islasportwear.com\/wp-content\/uploads\/2026\/04\/chandal.png","type":"image\/png"}],"twitter_card":"summary_large_image","twitter_misc":{"Estimated reading time":"1 minute"},"schema":{"@context":"https:\/\/schema.org","@graph":[{"@type":"WebPage","@id":"https:\/\/islasportwear.com\/producto\/conjunto-winder\/","url":"https:\/\/islasportwear.com\/producto\/conjunto-winder\/","name":"Conjunto Winder - KROMA","isPartOf":{"@id":"https:\/\/islasportwear.com\/#website"},"primaryImageOfPage":{"@id":"https:\/\/islasportwear.com\/producto\/conjunto-winder\/#primaryimage"},"image":{"@id":"https:\/\/islasportwear.com\/producto\/conjunto-winder\/#primaryimage"},"thumbnailUrl":"https:\/\/islasportwear.com\/wp-content\/uploads\/2026\/04\/chandal.png","datePublished":"2026-04-25T09:46:12+00:00","dateModified":"2026-04-25T09:57:01+00:00","breadcrumb":{"@id":"https:\/\/islasportwear.com\/producto\/conjunto-winder\/#breadcrumb"},"inLanguage":"en-GB","potentialAction":[{"@type":"ReadAction","target":["https:\/\/islasportwear.com\/producto\/conjunto-winder\/"]}]},{"@type":"ImageObject","inLanguage":"en-GB","@id":"https:\/\/islasportwear.com\/producto\/conjunto-winder\/#primaryimage","url":"https:\/\/islasportwear.com\/wp-content\/uploads\/2026\/04\/chandal.png","contentUrl":"https:\/\/islasportwear.com\/wp-content\/uploads\/2026\/04\/chandal.png","width":1254,"height":1254},{"@type":"BreadcrumbList","@id":"https:\/\/islasportwear.com\/producto\/conjunto-winder\/#breadcrumb","itemListElement":[{"@type":"ListItem","position":1,"name":"Portada","item":"https:\/\/islasportwear.com\/"},{"@type":"ListItem","position":2,"name":"Prendas","item":"https:\/\/islasportwear.com\/prendas\/"},{"@type":"ListItem","position":3,"name":"Conjunto Winder"}]},{"@type":"WebSite","@id":"https:\/\/islasportwear.com\/#website","url":"https:\/\/islasportwear.com\/","name":"KROMA","description":"Custom Sportswear","publisher":{"@id":"https:\/\/islasportwear.com\/#organization"},"potentialAction":[{"@type":"SearchAction","target":{"@type":"EntryPoint","urlTemplate":"https:\/\/islasportwear.com\/?s={search_term_string}"},"query-input":{"@type":"PropertyValueSpecification","valueRequired":true,"valueName":"search_term_string"}}],"inLanguage":"en-GB"},{"@type":"Organization","@id":"https:\/\/islasportwear.com\/#organization","name":"KROMA","url":"https:\/\/islasportwear.com\/","logo":{"@type":"ImageObject","inLanguage":"en-GB","@id":"https:\/\/islasportwear.com\/#\/schema\/logo\/image\/","url":"https:\/\/islasportwear.com\/wp-content\/uploads\/2026\/03\/kroma-logo-2.png","contentUrl":"https:\/\/islasportwear.com\/wp-content\/uploads\/2026\/03\/kroma-logo-2.png","width":1446,"height":281,"caption":"KROMA"},"image":{"@id":"https:\/\/islasportwear.com\/#\/schema\/logo\/image\/"}}]}},"_links":{"self":[{"href":"https:\/\/islasportwear.com\/en\/wp-json\/wp\/v2\/product\/3018","targetHints":{"allow":["GET"]}}],"collection":[{"href":"https:\/\/islasportwear.com\/en\/wp-json\/wp\/v2\/product"}],"about":[{"href":"https:\/\/islasportwear.com\/en\/wp-json\/wp\/v2\/types\/product"}],"replies":[{"embeddable":true,"href":"https:\/\/islasportwear.com\/en\/wp-json\/wp\/v2\/comments?post=3018"}],"wp:featuredmedia":[{"embeddable":true,"href":"https:\/\/islasportwear.com\/en\/wp-json\/wp\/v2\/media\/3019"}],"wp:attachment":[{"href":"https:\/\/islasportwear.com\/en\/wp-json\/wp\/v2\/media?parent=3018"}],"wp:term":[{"taxonomy":"product_brand","embeddable":true,"href":"https:\/\/islasportwear.com\/en\/wp-json\/wp\/v2\/product_brand?post=3018"},{"taxonomy":"product_cat","embeddable":true,"href":"https:\/\/islasportwear.com\/en\/wp-json\/wp\/v2\/product_cat?post=3018"},{"taxonomy":"product_tag","embeddable":true,"href":"https:\/\/islasportwear.com\/en\/wp-json\/wp\/v2\/product_tag?post=3018"}],"curies":[{"name":"wp","href":"https:\/\/api.w.org\/{rel}","templated":true}]}}