{"id":2972,"date":"2026-04-23T18:00:57","date_gmt":"2026-04-23T18:00:57","guid":{"rendered":"https:\/\/islasportwear.com\/?post_type=product&#038;p=2972"},"modified":"2026-04-25T09:57:20","modified_gmt":"2026-04-25T09:57:20","slug":"conjunto-mate","status":"publish","type":"product","link":"https:\/\/islasportwear.com\/en\/product\/conjunto-mate\/","title":{"rendered":"Conjunto Dunk"},"content":{"rendered":"<p data-start=\"0\" data-end=\"42\"><strong data-start=\"0\" data-end=\"42\">Conjunto Basket \u2013 Equipaci\u00f3n Fullprint<\/strong><\/p>\n<p data-start=\"44\" data-end=\"227\">Velocidad, actitud y presencia en cada jugada. El Conjunto Basket incluye camiseta y pantal\u00f3n de baloncesto, dise\u00f1ados para ofrecer m\u00e1xima comodidad y libertad de movimiento en pista.<\/p>\n<p data-start=\"229\" data-end=\"551\">La camiseta, de corte amplio y tejido ligero, permite una ventilaci\u00f3n \u00f3ptima y total movilidad en cada acci\u00f3n. El pantal\u00f3n, c\u00f3modo y funcional, acompa\u00f1a cada sprint, salto y cambio de ritmo sin limitar el rendimiento. Ambos est\u00e1n confeccionados con tejido t\u00e9cnico transpirable que mantiene el cuerpo seco durante el juego.<\/p>\n<p data-start=\"553\" data-end=\"730\">El acabado fullprint permite dise\u00f1os totalmente personalizados, con colores intensos y duraderos, integrando identidad, dorsales y detalles de equipo con un acabado profesional.<\/p>\n<p data-start=\"732\" data-end=\"859\">Ideal para equipos y jugadores que buscan destacar dentro y fuera de la cancha.<br data-start=\"811\" data-end=\"814\" \/>Disponible en <strong data-start=\"828\" data-end=\"858\">corte hombre y corte mujer<\/strong>.<\/p>\n<p data-start=\"861\" data-end=\"921\" data-is-last-node=\"\" data-is-only-node=\"\">No es solo una equipaci\u00f3n\u2026 es tu juego elevado al m\u00e1ximo. \ud83c\udfc0<\/p>","protected":false},"excerpt":{"rendered":"<p data-start=\"0\" data-end=\"42\"><strong data-start=\"0\" data-end=\"42\">Conjunto Basket \u2013 Equipaci\u00f3n Fullprint<\/strong><\/p>\n<p data-start=\"44\" data-end=\"227\">Velocidad, actitud y presencia en cada jugada. El Conjunto Basket incluye camiseta y pantal\u00f3n de baloncesto, dise\u00f1ados para ofrecer m\u00e1xima comodidad y libertad de movimiento en pista.<\/p>\n<p data-start=\"229\" data-end=\"551\">La camiseta, de corte amplio y tejido ligero, permite una ventilaci\u00f3n \u00f3ptima y total movilidad en cada acci\u00f3n. El pantal\u00f3n, c\u00f3modo y funcional, acompa\u00f1a cada sprint, salto y cambio de ritmo sin limitar el rendimiento. Ambos est\u00e1n confeccionados con tejido t\u00e9cnico transpirable que mantiene el cuerpo seco durante el juego.<\/p>\n<p data-start=\"553\" data-end=\"730\">El acabado fullprint permite dise\u00f1os totalmente personalizados, con colores intensos y duraderos, integrando identidad, dorsales y detalles de equipo con un acabado profesional.<\/p>\n<p data-start=\"732\" data-end=\"859\">Ideal para equipos y jugadores que buscan destacar dentro y fuera de la cancha.<br data-start=\"811\" data-end=\"814\" \/>Disponible en <strong data-start=\"828\" data-end=\"858\">corte hombre y corte mujer<\/strong>.<\/p>\n<p data-start=\"861\" data-end=\"921\" data-is-last-node=\"\" data-is-only-node=\"\">No es solo una equipaci\u00f3n\u2026 es tu juego elevado al m\u00e1ximo. \ud83c\udfc0<\/p>","protected":false},"featured_media":3016,"comment_status":"open","ping_status":"closed","template":"","meta":[],"product_brand":[46],"product_cat":[45],"product_tag":[],"class_list":{"0":"post-2972","1":"product","2":"type-product","3":"status-publish","4":"has-post-thumbnail","6":"product_brand-kroma","7":"product_cat-conjuntos","9":"first","10":"instock","11":"shipping-taxable","12":"product-type-simple"},"yoast_head":"<!-- This site is optimized with the Yoast SEO plugin v27.3 - https:\/\/yoast.com\/product\/yoast-seo-wordpress\/ -->\n<title>Conjunto Dunk - KROMA<\/title>\n<meta name=\"robots\" content=\"index, follow, max-snippet:-1, max-image-preview:large, max-video-preview:-1\" \/>\n<link rel=\"canonical\" href=\"https:\/\/islasportwear.com\/en\/product\/conjunto-mate\/\" \/>\n<meta property=\"og:locale\" content=\"en_GB\" \/>\n<meta property=\"og:type\" content=\"article\" \/>\n<meta property=\"og:title\" content=\"Conjunto Dunk - KROMA\" \/>\n<meta property=\"og:description\" content=\"Conjunto Basket \u2013 Equipaci\u00f3n Fullprint Velocidad, actitud y presencia en cada jugada. El Conjunto Basket incluye camiseta y pantal\u00f3n de baloncesto, dise\u00f1ados para ofrecer m\u00e1xima comodidad y libertad de movimiento en pista. La camiseta, de corte amplio y tejido ligero, permite una ventilaci\u00f3n \u00f3ptima y total movilidad en cada acci\u00f3n. El pantal\u00f3n, c\u00f3modo y funcional, acompa\u00f1a cada sprint, salto y cambio de ritmo sin limitar el rendimiento. Ambos est\u00e1n confeccionados con tejido t\u00e9cnico transpirable que mantiene el cuerpo seco durante el juego. El acabado fullprint permite dise\u00f1os totalmente personalizados, con colores intensos y duraderos, integrando identidad, dorsales y detalles de equipo con un acabado profesional. Ideal para equipos y jugadores que buscan destacar dentro y fuera de la cancha.Disponible en corte hombre y corte mujer. No es solo una equipaci\u00f3n\u2026 es tu juego elevado al m\u00e1ximo. \ud83c\udfc0\" \/>\n<meta property=\"og:url\" content=\"https:\/\/islasportwear.com\/en\/product\/conjunto-mate\/\" \/>\n<meta property=\"og:site_name\" content=\"KROMA\" \/>\n<meta property=\"article:modified_time\" content=\"2026-04-25T09:57:20+00:00\" \/>\n<meta property=\"og:image\" content=\"https:\/\/islasportwear.com\/wp-content\/uploads\/2026\/04\/EB4FEE01-F0B3-485D-9F76-BC817B4F44A8.png\" \/>\n\t<meta property=\"og:image:width\" content=\"1086\" \/>\n\t<meta property=\"og:image:height\" content=\"1448\" \/>\n\t<meta property=\"og:image:type\" content=\"image\/png\" \/>\n<meta name=\"twitter:card\" content=\"summary_large_image\" \/>\n<meta name=\"twitter:label1\" content=\"Estimated reading time\" \/>\n\t<meta name=\"twitter:data1\" content=\"1 minute\" \/>\n<script type=\"application\/ld+json\" class=\"yoast-schema-graph\">{\"@context\":\"https:\\\/\\\/schema.org\",\"@graph\":[{\"@type\":\"WebPage\",\"@id\":\"https:\\\/\\\/islasportwear.com\\\/producto\\\/conjunto-mate\\\/\",\"url\":\"https:\\\/\\\/islasportwear.com\\\/producto\\\/conjunto-mate\\\/\",\"name\":\"Conjunto Dunk - KROMA\",\"isPartOf\":{\"@id\":\"https:\\\/\\\/islasportwear.com\\\/#website\"},\"primaryImageOfPage\":{\"@id\":\"https:\\\/\\\/islasportwear.com\\\/producto\\\/conjunto-mate\\\/#primaryimage\"},\"image\":{\"@id\":\"https:\\\/\\\/islasportwear.com\\\/producto\\\/conjunto-mate\\\/#primaryimage\"},\"thumbnailUrl\":\"https:\\\/\\\/islasportwear.com\\\/wp-content\\\/uploads\\\/2026\\\/04\\\/EB4FEE01-F0B3-485D-9F76-BC817B4F44A8.png\",\"datePublished\":\"2026-04-23T18:00:57+00:00\",\"dateModified\":\"2026-04-25T09:57:20+00:00\",\"breadcrumb\":{\"@id\":\"https:\\\/\\\/islasportwear.com\\\/producto\\\/conjunto-mate\\\/#breadcrumb\"},\"inLanguage\":\"en-GB\",\"potentialAction\":[{\"@type\":\"ReadAction\",\"target\":[\"https:\\\/\\\/islasportwear.com\\\/producto\\\/conjunto-mate\\\/\"]}]},{\"@type\":\"ImageObject\",\"inLanguage\":\"en-GB\",\"@id\":\"https:\\\/\\\/islasportwear.com\\\/producto\\\/conjunto-mate\\\/#primaryimage\",\"url\":\"https:\\\/\\\/islasportwear.com\\\/wp-content\\\/uploads\\\/2026\\\/04\\\/EB4FEE01-F0B3-485D-9F76-BC817B4F44A8.png\",\"contentUrl\":\"https:\\\/\\\/islasportwear.com\\\/wp-content\\\/uploads\\\/2026\\\/04\\\/EB4FEE01-F0B3-485D-9F76-BC817B4F44A8.png\",\"width\":1086,\"height\":1448},{\"@type\":\"BreadcrumbList\",\"@id\":\"https:\\\/\\\/islasportwear.com\\\/producto\\\/conjunto-mate\\\/#breadcrumb\",\"itemListElement\":[{\"@type\":\"ListItem\",\"position\":1,\"name\":\"Portada\",\"item\":\"https:\\\/\\\/islasportwear.com\\\/\"},{\"@type\":\"ListItem\",\"position\":2,\"name\":\"Prendas\",\"item\":\"https:\\\/\\\/islasportwear.com\\\/prendas\\\/\"},{\"@type\":\"ListItem\",\"position\":3,\"name\":\"Conjunto Dunk\"}]},{\"@type\":\"WebSite\",\"@id\":\"https:\\\/\\\/islasportwear.com\\\/#website\",\"url\":\"https:\\\/\\\/islasportwear.com\\\/\",\"name\":\"KROMA\",\"description\":\"Custom Sportswear\",\"publisher\":{\"@id\":\"https:\\\/\\\/islasportwear.com\\\/#organization\"},\"potentialAction\":[{\"@type\":\"SearchAction\",\"target\":{\"@type\":\"EntryPoint\",\"urlTemplate\":\"https:\\\/\\\/islasportwear.com\\\/?s={search_term_string}\"},\"query-input\":{\"@type\":\"PropertyValueSpecification\",\"valueRequired\":true,\"valueName\":\"search_term_string\"}}],\"inLanguage\":\"en-GB\"},{\"@type\":\"Organization\",\"@id\":\"https:\\\/\\\/islasportwear.com\\\/#organization\",\"name\":\"KROMA\",\"url\":\"https:\\\/\\\/islasportwear.com\\\/\",\"logo\":{\"@type\":\"ImageObject\",\"inLanguage\":\"en-GB\",\"@id\":\"https:\\\/\\\/islasportwear.com\\\/#\\\/schema\\\/logo\\\/image\\\/\",\"url\":\"https:\\\/\\\/islasportwear.com\\\/wp-content\\\/uploads\\\/2026\\\/03\\\/kroma-logo-2.png\",\"contentUrl\":\"https:\\\/\\\/islasportwear.com\\\/wp-content\\\/uploads\\\/2026\\\/03\\\/kroma-logo-2.png\",\"width\":1446,\"height\":281,\"caption\":\"KROMA\"},\"image\":{\"@id\":\"https:\\\/\\\/islasportwear.com\\\/#\\\/schema\\\/logo\\\/image\\\/\"}}]}<\/script>\n<!-- \/ Yoast SEO plugin. -->","yoast_head_json":{"title":"Conjunto Dunk - KROMA","robots":{"index":"index","follow":"follow","max-snippet":"max-snippet:-1","max-image-preview":"max-image-preview:large","max-video-preview":"max-video-preview:-1"},"canonical":"https:\/\/islasportwear.com\/en\/product\/conjunto-mate\/","og_locale":"en_GB","og_type":"article","og_title":"Conjunto Dunk - KROMA","og_description":"Conjunto Basket \u2013 Equipaci\u00f3n Fullprint Velocidad, actitud y presencia en cada jugada. El Conjunto Basket incluye camiseta y pantal\u00f3n de baloncesto, dise\u00f1ados para ofrecer m\u00e1xima comodidad y libertad de movimiento en pista. La camiseta, de corte amplio y tejido ligero, permite una ventilaci\u00f3n \u00f3ptima y total movilidad en cada acci\u00f3n. El pantal\u00f3n, c\u00f3modo y funcional, acompa\u00f1a cada sprint, salto y cambio de ritmo sin limitar el rendimiento. Ambos est\u00e1n confeccionados con tejido t\u00e9cnico transpirable que mantiene el cuerpo seco durante el juego. El acabado fullprint permite dise\u00f1os totalmente personalizados, con colores intensos y duraderos, integrando identidad, dorsales y detalles de equipo con un acabado profesional. Ideal para equipos y jugadores que buscan destacar dentro y fuera de la cancha.Disponible en corte hombre y corte mujer. No es solo una equipaci\u00f3n\u2026 es tu juego elevado al m\u00e1ximo. \ud83c\udfc0","og_url":"https:\/\/islasportwear.com\/en\/product\/conjunto-mate\/","og_site_name":"KROMA","article_modified_time":"2026-04-25T09:57:20+00:00","og_image":[{"width":1086,"height":1448,"url":"https:\/\/islasportwear.com\/wp-content\/uploads\/2026\/04\/EB4FEE01-F0B3-485D-9F76-BC817B4F44A8.png","type":"image\/png"}],"twitter_card":"summary_large_image","twitter_misc":{"Estimated reading time":"1 minute"},"schema":{"@context":"https:\/\/schema.org","@graph":[{"@type":"WebPage","@id":"https:\/\/islasportwear.com\/producto\/conjunto-mate\/","url":"https:\/\/islasportwear.com\/producto\/conjunto-mate\/","name":"Conjunto Dunk - KROMA","isPartOf":{"@id":"https:\/\/islasportwear.com\/#website"},"primaryImageOfPage":{"@id":"https:\/\/islasportwear.com\/producto\/conjunto-mate\/#primaryimage"},"image":{"@id":"https:\/\/islasportwear.com\/producto\/conjunto-mate\/#primaryimage"},"thumbnailUrl":"https:\/\/islasportwear.com\/wp-content\/uploads\/2026\/04\/EB4FEE01-F0B3-485D-9F76-BC817B4F44A8.png","datePublished":"2026-04-23T18:00:57+00:00","dateModified":"2026-04-25T09:57:20+00:00","breadcrumb":{"@id":"https:\/\/islasportwear.com\/producto\/conjunto-mate\/#breadcrumb"},"inLanguage":"en-GB","potentialAction":[{"@type":"ReadAction","target":["https:\/\/islasportwear.com\/producto\/conjunto-mate\/"]}]},{"@type":"ImageObject","inLanguage":"en-GB","@id":"https:\/\/islasportwear.com\/producto\/conjunto-mate\/#primaryimage","url":"https:\/\/islasportwear.com\/wp-content\/uploads\/2026\/04\/EB4FEE01-F0B3-485D-9F76-BC817B4F44A8.png","contentUrl":"https:\/\/islasportwear.com\/wp-content\/uploads\/2026\/04\/EB4FEE01-F0B3-485D-9F76-BC817B4F44A8.png","width":1086,"height":1448},{"@type":"BreadcrumbList","@id":"https:\/\/islasportwear.com\/producto\/conjunto-mate\/#breadcrumb","itemListElement":[{"@type":"ListItem","position":1,"name":"Portada","item":"https:\/\/islasportwear.com\/"},{"@type":"ListItem","position":2,"name":"Prendas","item":"https:\/\/islasportwear.com\/prendas\/"},{"@type":"ListItem","position":3,"name":"Conjunto Dunk"}]},{"@type":"WebSite","@id":"https:\/\/islasportwear.com\/#website","url":"https:\/\/islasportwear.com\/","name":"KROMA","description":"Custom Sportswear","publisher":{"@id":"https:\/\/islasportwear.com\/#organization"},"potentialAction":[{"@type":"SearchAction","target":{"@type":"EntryPoint","urlTemplate":"https:\/\/islasportwear.com\/?s={search_term_string}"},"query-input":{"@type":"PropertyValueSpecification","valueRequired":true,"valueName":"search_term_string"}}],"inLanguage":"en-GB"},{"@type":"Organization","@id":"https:\/\/islasportwear.com\/#organization","name":"KROMA","url":"https:\/\/islasportwear.com\/","logo":{"@type":"ImageObject","inLanguage":"en-GB","@id":"https:\/\/islasportwear.com\/#\/schema\/logo\/image\/","url":"https:\/\/islasportwear.com\/wp-content\/uploads\/2026\/03\/kroma-logo-2.png","contentUrl":"https:\/\/islasportwear.com\/wp-content\/uploads\/2026\/03\/kroma-logo-2.png","width":1446,"height":281,"caption":"KROMA"},"image":{"@id":"https:\/\/islasportwear.com\/#\/schema\/logo\/image\/"}}]}},"_links":{"self":[{"href":"https:\/\/islasportwear.com\/en\/wp-json\/wp\/v2\/product\/2972","targetHints":{"allow":["GET"]}}],"collection":[{"href":"https:\/\/islasportwear.com\/en\/wp-json\/wp\/v2\/product"}],"about":[{"href":"https:\/\/islasportwear.com\/en\/wp-json\/wp\/v2\/types\/product"}],"replies":[{"embeddable":true,"href":"https:\/\/islasportwear.com\/en\/wp-json\/wp\/v2\/comments?post=2972"}],"wp:featuredmedia":[{"embeddable":true,"href":"https:\/\/islasportwear.com\/en\/wp-json\/wp\/v2\/media\/3016"}],"wp:attachment":[{"href":"https:\/\/islasportwear.com\/en\/wp-json\/wp\/v2\/media?parent=2972"}],"wp:term":[{"taxonomy":"product_brand","embeddable":true,"href":"https:\/\/islasportwear.com\/en\/wp-json\/wp\/v2\/product_brand?post=2972"},{"taxonomy":"product_cat","embeddable":true,"href":"https:\/\/islasportwear.com\/en\/wp-json\/wp\/v2\/product_cat?post=2972"},{"taxonomy":"product_tag","embeddable":true,"href":"https:\/\/islasportwear.com\/en\/wp-json\/wp\/v2\/product_tag?post=2972"}],"curies":[{"name":"wp","href":"https:\/\/api.w.org\/{rel}","templated":true}]}}