{"id":2971,"date":"2026-04-23T17:58:03","date_gmt":"2026-04-23T17:58:03","guid":{"rendered":"https:\/\/islasportwear.com\/?post_type=product&#038;p=2971"},"modified":"2026-04-25T09:58:49","modified_gmt":"2026-04-25T09:58:49","slug":"conjunto-globo","status":"publish","type":"product","link":"https:\/\/islasportwear.com\/en\/product\/conjunto-globo\/","title":{"rendered":"Conjunto Globo"},"content":{"rendered":"<p data-start=\"0\" data-end=\"41\"><strong data-start=\"0\" data-end=\"41\">Conjunto P\u00e1del \u2013 Equipaci\u00f3n Fullprint<\/strong><\/p>\n<p data-start=\"43\" data-end=\"242\">Pensado para el ritmo del juego, dise\u00f1ado para marcar diferencia. El Conjunto P\u00e1del incluye camiseta t\u00e9cnica y pantal\u00f3n con bolsillos, ofreciendo comodidad, funcionalidad y estilo dentro de la pista.<\/p>\n<p data-start=\"244\" data-end=\"543\">La camiseta ligera y transpirable permite m\u00e1xima movilidad en cada golpe, mientras que el pantal\u00f3n incorpora bolsillos funcionales para guardar pelotas con total comodidad, sin afectar al rendimiento. Su tejido t\u00e9cnico favorece la evacuaci\u00f3n del sudor y mantiene la frescura durante todo el partido.<\/p>\n<p data-start=\"545\" data-end=\"706\">El acabado fullprint permite dise\u00f1os completamente personalizados, con colores vivos y duraderos, integrando identidad, estilo y profesionalidad en cada detalle.<\/p>\n<p data-start=\"708\" data-end=\"836\">Ideal para jugadores y clubes que buscan destacar tanto en juego como en imagen.<br data-start=\"788\" data-end=\"791\" \/>Disponible en <strong data-start=\"805\" data-end=\"835\">corte hombre y corte mujer<\/strong>.<\/p>\n<p data-start=\"838\" data-end=\"891\" data-is-last-node=\"\" data-is-only-node=\"\">No es solo un conjunto\u2026 es tu juego con identidad. \ud83c\udfbe<\/p>","protected":false},"excerpt":{"rendered":"<p data-start=\"0\" data-end=\"41\"><strong data-start=\"0\" data-end=\"41\">Conjunto P\u00e1del \u2013 Equipaci\u00f3n Fullprint<\/strong><\/p>\n<p data-start=\"43\" data-end=\"242\">Pensado para el ritmo del juego, dise\u00f1ado para marcar diferencia. El Conjunto P\u00e1del incluye camiseta t\u00e9cnica y pantal\u00f3n con bolsillos, ofreciendo comodidad, funcionalidad y estilo dentro de la pista.<\/p>\n<p data-start=\"244\" data-end=\"543\">La camiseta ligera y transpirable permite m\u00e1xima movilidad en cada golpe, mientras que el pantal\u00f3n incorpora bolsillos funcionales para guardar pelotas con total comodidad, sin afectar al rendimiento. Su tejido t\u00e9cnico favorece la evacuaci\u00f3n del sudor y mantiene la frescura durante todo el partido.<\/p>\n<p data-start=\"545\" data-end=\"706\">El acabado fullprint permite dise\u00f1os completamente personalizados, con colores vivos y duraderos, integrando identidad, estilo y profesionalidad en cada detalle.<\/p>\n<p data-start=\"708\" data-end=\"836\">Ideal para jugadores y clubes que buscan destacar tanto en juego como en imagen.<br data-start=\"788\" data-end=\"791\" \/>Disponible en <strong data-start=\"805\" data-end=\"835\">corte hombre y corte mujer<\/strong>.<\/p>\n<p data-start=\"838\" data-end=\"891\" data-is-last-node=\"\" data-is-only-node=\"\">No es solo un conjunto\u2026 es tu juego con identidad. \ud83c\udfbe<\/p>","protected":false},"featured_media":3013,"comment_status":"open","ping_status":"closed","template":"","meta":[],"product_brand":[46],"product_cat":[45],"product_tag":[],"class_list":{"0":"post-2971","1":"product","2":"type-product","3":"status-publish","4":"has-post-thumbnail","6":"product_brand-kroma","7":"product_cat-conjuntos","9":"first","10":"instock","11":"shipping-taxable","12":"product-type-simple"},"yoast_head":"<!-- This site is optimized with the Yoast SEO plugin v27.3 - https:\/\/yoast.com\/product\/yoast-seo-wordpress\/ -->\n<title>Conjunto Globo - KROMA<\/title>\n<meta name=\"robots\" content=\"index, follow, max-snippet:-1, max-image-preview:large, max-video-preview:-1\" \/>\n<link rel=\"canonical\" href=\"https:\/\/islasportwear.com\/en\/product\/conjunto-globo\/\" \/>\n<meta property=\"og:locale\" content=\"en_GB\" \/>\n<meta property=\"og:type\" content=\"article\" \/>\n<meta property=\"og:title\" content=\"Conjunto Globo - KROMA\" \/>\n<meta property=\"og:description\" content=\"Conjunto P\u00e1del \u2013 Equipaci\u00f3n Fullprint Pensado para el ritmo del juego, dise\u00f1ado para marcar diferencia. El Conjunto P\u00e1del incluye camiseta t\u00e9cnica y pantal\u00f3n con bolsillos, ofreciendo comodidad, funcionalidad y estilo dentro de la pista. La camiseta ligera y transpirable permite m\u00e1xima movilidad en cada golpe, mientras que el pantal\u00f3n incorpora bolsillos funcionales para guardar pelotas con total comodidad, sin afectar al rendimiento. Su tejido t\u00e9cnico favorece la evacuaci\u00f3n del sudor y mantiene la frescura durante todo el partido. El acabado fullprint permite dise\u00f1os completamente personalizados, con colores vivos y duraderos, integrando identidad, estilo y profesionalidad en cada detalle. Ideal para jugadores y clubes que buscan destacar tanto en juego como en imagen.Disponible en corte hombre y corte mujer. No es solo un conjunto\u2026 es tu juego con identidad. \ud83c\udfbe\" \/>\n<meta property=\"og:url\" content=\"https:\/\/islasportwear.com\/en\/product\/conjunto-globo\/\" \/>\n<meta property=\"og:site_name\" content=\"KROMA\" \/>\n<meta property=\"article:modified_time\" content=\"2026-04-25T09:58:49+00:00\" \/>\n<meta property=\"og:image\" content=\"https:\/\/islasportwear.com\/wp-content\/uploads\/2026\/04\/CDCB5527-9E39-4E73-A43E-AE6D9C5CE9AA.png\" \/>\n\t<meta property=\"og:image:width\" content=\"1254\" \/>\n\t<meta property=\"og:image:height\" content=\"1254\" \/>\n\t<meta property=\"og:image:type\" content=\"image\/png\" \/>\n<meta name=\"twitter:card\" content=\"summary_large_image\" \/>\n<meta name=\"twitter:label1\" content=\"Estimated reading time\" \/>\n\t<meta name=\"twitter:data1\" content=\"1 minute\" \/>\n<script type=\"application\/ld+json\" class=\"yoast-schema-graph\">{\"@context\":\"https:\\\/\\\/schema.org\",\"@graph\":[{\"@type\":\"WebPage\",\"@id\":\"https:\\\/\\\/islasportwear.com\\\/producto\\\/conjunto-globo\\\/\",\"url\":\"https:\\\/\\\/islasportwear.com\\\/producto\\\/conjunto-globo\\\/\",\"name\":\"Conjunto Globo - KROMA\",\"isPartOf\":{\"@id\":\"https:\\\/\\\/islasportwear.com\\\/#website\"},\"primaryImageOfPage\":{\"@id\":\"https:\\\/\\\/islasportwear.com\\\/producto\\\/conjunto-globo\\\/#primaryimage\"},\"image\":{\"@id\":\"https:\\\/\\\/islasportwear.com\\\/producto\\\/conjunto-globo\\\/#primaryimage\"},\"thumbnailUrl\":\"https:\\\/\\\/islasportwear.com\\\/wp-content\\\/uploads\\\/2026\\\/04\\\/CDCB5527-9E39-4E73-A43E-AE6D9C5CE9AA.png\",\"datePublished\":\"2026-04-23T17:58:03+00:00\",\"dateModified\":\"2026-04-25T09:58:49+00:00\",\"breadcrumb\":{\"@id\":\"https:\\\/\\\/islasportwear.com\\\/producto\\\/conjunto-globo\\\/#breadcrumb\"},\"inLanguage\":\"en-GB\",\"potentialAction\":[{\"@type\":\"ReadAction\",\"target\":[\"https:\\\/\\\/islasportwear.com\\\/producto\\\/conjunto-globo\\\/\"]}]},{\"@type\":\"ImageObject\",\"inLanguage\":\"en-GB\",\"@id\":\"https:\\\/\\\/islasportwear.com\\\/producto\\\/conjunto-globo\\\/#primaryimage\",\"url\":\"https:\\\/\\\/islasportwear.com\\\/wp-content\\\/uploads\\\/2026\\\/04\\\/CDCB5527-9E39-4E73-A43E-AE6D9C5CE9AA.png\",\"contentUrl\":\"https:\\\/\\\/islasportwear.com\\\/wp-content\\\/uploads\\\/2026\\\/04\\\/CDCB5527-9E39-4E73-A43E-AE6D9C5CE9AA.png\",\"width\":1254,\"height\":1254},{\"@type\":\"BreadcrumbList\",\"@id\":\"https:\\\/\\\/islasportwear.com\\\/producto\\\/conjunto-globo\\\/#breadcrumb\",\"itemListElement\":[{\"@type\":\"ListItem\",\"position\":1,\"name\":\"Portada\",\"item\":\"https:\\\/\\\/islasportwear.com\\\/\"},{\"@type\":\"ListItem\",\"position\":2,\"name\":\"Prendas\",\"item\":\"https:\\\/\\\/islasportwear.com\\\/prendas\\\/\"},{\"@type\":\"ListItem\",\"position\":3,\"name\":\"Conjunto Globo\"}]},{\"@type\":\"WebSite\",\"@id\":\"https:\\\/\\\/islasportwear.com\\\/#website\",\"url\":\"https:\\\/\\\/islasportwear.com\\\/\",\"name\":\"KROMA\",\"description\":\"Custom Sportswear\",\"publisher\":{\"@id\":\"https:\\\/\\\/islasportwear.com\\\/#organization\"},\"potentialAction\":[{\"@type\":\"SearchAction\",\"target\":{\"@type\":\"EntryPoint\",\"urlTemplate\":\"https:\\\/\\\/islasportwear.com\\\/?s={search_term_string}\"},\"query-input\":{\"@type\":\"PropertyValueSpecification\",\"valueRequired\":true,\"valueName\":\"search_term_string\"}}],\"inLanguage\":\"en-GB\"},{\"@type\":\"Organization\",\"@id\":\"https:\\\/\\\/islasportwear.com\\\/#organization\",\"name\":\"KROMA\",\"url\":\"https:\\\/\\\/islasportwear.com\\\/\",\"logo\":{\"@type\":\"ImageObject\",\"inLanguage\":\"en-GB\",\"@id\":\"https:\\\/\\\/islasportwear.com\\\/#\\\/schema\\\/logo\\\/image\\\/\",\"url\":\"https:\\\/\\\/islasportwear.com\\\/wp-content\\\/uploads\\\/2026\\\/03\\\/kroma-logo-2.png\",\"contentUrl\":\"https:\\\/\\\/islasportwear.com\\\/wp-content\\\/uploads\\\/2026\\\/03\\\/kroma-logo-2.png\",\"width\":1446,\"height\":281,\"caption\":\"KROMA\"},\"image\":{\"@id\":\"https:\\\/\\\/islasportwear.com\\\/#\\\/schema\\\/logo\\\/image\\\/\"}}]}<\/script>\n<!-- \/ Yoast SEO plugin. -->","yoast_head_json":{"title":"Conjunto Globo - KROMA","robots":{"index":"index","follow":"follow","max-snippet":"max-snippet:-1","max-image-preview":"max-image-preview:large","max-video-preview":"max-video-preview:-1"},"canonical":"https:\/\/islasportwear.com\/en\/product\/conjunto-globo\/","og_locale":"en_GB","og_type":"article","og_title":"Conjunto Globo - KROMA","og_description":"Conjunto P\u00e1del \u2013 Equipaci\u00f3n Fullprint Pensado para el ritmo del juego, dise\u00f1ado para marcar diferencia. El Conjunto P\u00e1del incluye camiseta t\u00e9cnica y pantal\u00f3n con bolsillos, ofreciendo comodidad, funcionalidad y estilo dentro de la pista. La camiseta ligera y transpirable permite m\u00e1xima movilidad en cada golpe, mientras que el pantal\u00f3n incorpora bolsillos funcionales para guardar pelotas con total comodidad, sin afectar al rendimiento. Su tejido t\u00e9cnico favorece la evacuaci\u00f3n del sudor y mantiene la frescura durante todo el partido. El acabado fullprint permite dise\u00f1os completamente personalizados, con colores vivos y duraderos, integrando identidad, estilo y profesionalidad en cada detalle. Ideal para jugadores y clubes que buscan destacar tanto en juego como en imagen.Disponible en corte hombre y corte mujer. No es solo un conjunto\u2026 es tu juego con identidad. \ud83c\udfbe","og_url":"https:\/\/islasportwear.com\/en\/product\/conjunto-globo\/","og_site_name":"KROMA","article_modified_time":"2026-04-25T09:58:49+00:00","og_image":[{"width":1254,"height":1254,"url":"https:\/\/islasportwear.com\/wp-content\/uploads\/2026\/04\/CDCB5527-9E39-4E73-A43E-AE6D9C5CE9AA.png","type":"image\/png"}],"twitter_card":"summary_large_image","twitter_misc":{"Estimated reading time":"1 minute"},"schema":{"@context":"https:\/\/schema.org","@graph":[{"@type":"WebPage","@id":"https:\/\/islasportwear.com\/producto\/conjunto-globo\/","url":"https:\/\/islasportwear.com\/producto\/conjunto-globo\/","name":"Conjunto Globo - KROMA","isPartOf":{"@id":"https:\/\/islasportwear.com\/#website"},"primaryImageOfPage":{"@id":"https:\/\/islasportwear.com\/producto\/conjunto-globo\/#primaryimage"},"image":{"@id":"https:\/\/islasportwear.com\/producto\/conjunto-globo\/#primaryimage"},"thumbnailUrl":"https:\/\/islasportwear.com\/wp-content\/uploads\/2026\/04\/CDCB5527-9E39-4E73-A43E-AE6D9C5CE9AA.png","datePublished":"2026-04-23T17:58:03+00:00","dateModified":"2026-04-25T09:58:49+00:00","breadcrumb":{"@id":"https:\/\/islasportwear.com\/producto\/conjunto-globo\/#breadcrumb"},"inLanguage":"en-GB","potentialAction":[{"@type":"ReadAction","target":["https:\/\/islasportwear.com\/producto\/conjunto-globo\/"]}]},{"@type":"ImageObject","inLanguage":"en-GB","@id":"https:\/\/islasportwear.com\/producto\/conjunto-globo\/#primaryimage","url":"https:\/\/islasportwear.com\/wp-content\/uploads\/2026\/04\/CDCB5527-9E39-4E73-A43E-AE6D9C5CE9AA.png","contentUrl":"https:\/\/islasportwear.com\/wp-content\/uploads\/2026\/04\/CDCB5527-9E39-4E73-A43E-AE6D9C5CE9AA.png","width":1254,"height":1254},{"@type":"BreadcrumbList","@id":"https:\/\/islasportwear.com\/producto\/conjunto-globo\/#breadcrumb","itemListElement":[{"@type":"ListItem","position":1,"name":"Portada","item":"https:\/\/islasportwear.com\/"},{"@type":"ListItem","position":2,"name":"Prendas","item":"https:\/\/islasportwear.com\/prendas\/"},{"@type":"ListItem","position":3,"name":"Conjunto Globo"}]},{"@type":"WebSite","@id":"https:\/\/islasportwear.com\/#website","url":"https:\/\/islasportwear.com\/","name":"KROMA","description":"Custom Sportswear","publisher":{"@id":"https:\/\/islasportwear.com\/#organization"},"potentialAction":[{"@type":"SearchAction","target":{"@type":"EntryPoint","urlTemplate":"https:\/\/islasportwear.com\/?s={search_term_string}"},"query-input":{"@type":"PropertyValueSpecification","valueRequired":true,"valueName":"search_term_string"}}],"inLanguage":"en-GB"},{"@type":"Organization","@id":"https:\/\/islasportwear.com\/#organization","name":"KROMA","url":"https:\/\/islasportwear.com\/","logo":{"@type":"ImageObject","inLanguage":"en-GB","@id":"https:\/\/islasportwear.com\/#\/schema\/logo\/image\/","url":"https:\/\/islasportwear.com\/wp-content\/uploads\/2026\/03\/kroma-logo-2.png","contentUrl":"https:\/\/islasportwear.com\/wp-content\/uploads\/2026\/03\/kroma-logo-2.png","width":1446,"height":281,"caption":"KROMA"},"image":{"@id":"https:\/\/islasportwear.com\/#\/schema\/logo\/image\/"}}]}},"_links":{"self":[{"href":"https:\/\/islasportwear.com\/en\/wp-json\/wp\/v2\/product\/2971","targetHints":{"allow":["GET"]}}],"collection":[{"href":"https:\/\/islasportwear.com\/en\/wp-json\/wp\/v2\/product"}],"about":[{"href":"https:\/\/islasportwear.com\/en\/wp-json\/wp\/v2\/types\/product"}],"replies":[{"embeddable":true,"href":"https:\/\/islasportwear.com\/en\/wp-json\/wp\/v2\/comments?post=2971"}],"wp:featuredmedia":[{"embeddable":true,"href":"https:\/\/islasportwear.com\/en\/wp-json\/wp\/v2\/media\/3013"}],"wp:attachment":[{"href":"https:\/\/islasportwear.com\/en\/wp-json\/wp\/v2\/media?parent=2971"}],"wp:term":[{"taxonomy":"product_brand","embeddable":true,"href":"https:\/\/islasportwear.com\/en\/wp-json\/wp\/v2\/product_brand?post=2971"},{"taxonomy":"product_cat","embeddable":true,"href":"https:\/\/islasportwear.com\/en\/wp-json\/wp\/v2\/product_cat?post=2971"},{"taxonomy":"product_tag","embeddable":true,"href":"https:\/\/islasportwear.com\/en\/wp-json\/wp\/v2\/product_tag?post=2971"}],"curies":[{"name":"wp","href":"https:\/\/api.w.org\/{rel}","templated":true}]}}