{"id":2970,"date":"2026-04-23T17:54:03","date_gmt":"2026-04-23T17:54:03","guid":{"rendered":"https:\/\/islasportwear.com\/?post_type=product&#038;p=2970"},"modified":"2026-04-25T10:00:44","modified_gmt":"2026-04-25T10:00:44","slug":"conjunto-chilena","status":"publish","type":"product","link":"https:\/\/islasportwear.com\/en\/product\/conjunto-chilena\/","title":{"rendered":"Conjunto Chilena"},"content":{"rendered":"<p data-start=\"0\" data-end=\"42\"><strong data-start=\"0\" data-end=\"42\">Conjunto F\u00fatbol \u2013 Equipaci\u00f3n Fullprint<\/strong><\/p>\n<p data-start=\"44\" data-end=\"225\">Dise\u00f1ado para competir, creado para destacar. El Conjunto F\u00fatbol incluye camiseta y pantal\u00f3n, formando una equipaci\u00f3n completa pensada para rendimiento y presencia dentro del campo.<\/p>\n<p data-start=\"227\" data-end=\"516\">La camiseta ofrece un ajuste ligero y transpirable que favorece la movilidad, mientras que el pantal\u00f3n aporta comodidad y libertad en cada sprint, cambio de ritmo o golpeo. Ambos est\u00e1n confeccionados con tejido t\u00e9cnico que evacua el sudor y mantiene el cuerpo seco durante todo el partido.<\/p>\n<p data-start=\"518\" data-end=\"690\">El acabado fullprint permite una personalizaci\u00f3n total: escudos, dorsales, patrocinadores y dise\u00f1os integrados con un acabado profesional y duradero, sin l\u00edmites creativos.<\/p>\n<p data-start=\"692\" data-end=\"827\">Ideal para clubes, equipos o jugadores que buscan una identidad propia en cada partido.<br data-start=\"779\" data-end=\"782\" \/>Disponible en <strong data-start=\"796\" data-end=\"826\">corte hombre y corte mujer<\/strong>.<\/p>\n<p data-start=\"829\" data-end=\"879\" data-is-last-node=\"\" data-is-only-node=\"\">No es solo una equipaci\u00f3n\u2026 es tu forma de jugar. \u26bd<\/p>","protected":false},"excerpt":{"rendered":"<p data-start=\"0\" data-end=\"42\"><strong data-start=\"0\" data-end=\"42\">Conjunto F\u00fatbol \u2013 Equipaci\u00f3n Fullprint<\/strong><\/p>\n<p data-start=\"44\" data-end=\"225\">Dise\u00f1ado para competir, creado para destacar. El Conjunto F\u00fatbol incluye camiseta y pantal\u00f3n, formando una equipaci\u00f3n completa pensada para rendimiento y presencia dentro del campo.<\/p>\n<p data-start=\"227\" data-end=\"516\">La camiseta ofrece un ajuste ligero y transpirable que favorece la movilidad, mientras que el pantal\u00f3n aporta comodidad y libertad en cada sprint, cambio de ritmo o golpeo. Ambos est\u00e1n confeccionados con tejido t\u00e9cnico que evacua el sudor y mantiene el cuerpo seco durante todo el partido.<\/p>\n<p data-start=\"518\" data-end=\"690\">El acabado fullprint permite una personalizaci\u00f3n total: escudos, dorsales, patrocinadores y dise\u00f1os integrados con un acabado profesional y duradero, sin l\u00edmites creativos.<\/p>\n<p data-start=\"692\" data-end=\"827\">Ideal para clubes, equipos o jugadores que buscan una identidad propia en cada partido.<br data-start=\"779\" data-end=\"782\" \/>Disponible en <strong data-start=\"796\" data-end=\"826\">corte hombre y corte mujer<\/strong>.<\/p>\n<p data-start=\"829\" data-end=\"879\" data-is-last-node=\"\" data-is-only-node=\"\">No es solo una equipaci\u00f3n\u2026 es tu forma de jugar. \u26bd<\/p>","protected":false},"featured_media":3010,"comment_status":"open","ping_status":"closed","template":"","meta":[],"product_brand":[46],"product_cat":[45],"product_tag":[],"class_list":{"0":"post-2970","1":"product","2":"type-product","3":"status-publish","4":"has-post-thumbnail","6":"product_brand-kroma","7":"product_cat-conjuntos","9":"first","10":"instock","11":"shipping-taxable","12":"product-type-simple"},"yoast_head":"<!-- This site is optimized with the Yoast SEO plugin v27.3 - https:\/\/yoast.com\/product\/yoast-seo-wordpress\/ -->\n<title>Conjunto Chilena - KROMA<\/title>\n<meta name=\"robots\" content=\"index, follow, max-snippet:-1, max-image-preview:large, max-video-preview:-1\" \/>\n<link rel=\"canonical\" href=\"https:\/\/islasportwear.com\/en\/product\/conjunto-chilena\/\" \/>\n<meta property=\"og:locale\" content=\"en_GB\" \/>\n<meta property=\"og:type\" content=\"article\" \/>\n<meta property=\"og:title\" content=\"Conjunto Chilena - KROMA\" \/>\n<meta property=\"og:description\" content=\"Conjunto F\u00fatbol \u2013 Equipaci\u00f3n Fullprint Dise\u00f1ado para competir, creado para destacar. El Conjunto F\u00fatbol incluye camiseta y pantal\u00f3n, formando una equipaci\u00f3n completa pensada para rendimiento y presencia dentro del campo. La camiseta ofrece un ajuste ligero y transpirable que favorece la movilidad, mientras que el pantal\u00f3n aporta comodidad y libertad en cada sprint, cambio de ritmo o golpeo. Ambos est\u00e1n confeccionados con tejido t\u00e9cnico que evacua el sudor y mantiene el cuerpo seco durante todo el partido. El acabado fullprint permite una personalizaci\u00f3n total: escudos, dorsales, patrocinadores y dise\u00f1os integrados con un acabado profesional y duradero, sin l\u00edmites creativos. Ideal para clubes, equipos o jugadores que buscan una identidad propia en cada partido.Disponible en corte hombre y corte mujer. No es solo una equipaci\u00f3n\u2026 es tu forma de jugar. \u26bd\" \/>\n<meta property=\"og:url\" content=\"https:\/\/islasportwear.com\/en\/product\/conjunto-chilena\/\" \/>\n<meta property=\"og:site_name\" content=\"KROMA\" \/>\n<meta property=\"article:modified_time\" content=\"2026-04-25T10:00:44+00:00\" \/>\n<meta property=\"og:image\" content=\"https:\/\/islasportwear.com\/wp-content\/uploads\/2026\/04\/A2CEF1E2-3490-4392-B3FE-9D1F40C6A0A7.png\" \/>\n\t<meta property=\"og:image:width\" content=\"1254\" \/>\n\t<meta property=\"og:image:height\" content=\"1254\" \/>\n\t<meta property=\"og:image:type\" content=\"image\/png\" \/>\n<meta name=\"twitter:card\" content=\"summary_large_image\" \/>\n<meta name=\"twitter:label1\" content=\"Estimated reading time\" \/>\n\t<meta name=\"twitter:data1\" content=\"1 minute\" \/>\n<script type=\"application\/ld+json\" class=\"yoast-schema-graph\">{\"@context\":\"https:\\\/\\\/schema.org\",\"@graph\":[{\"@type\":\"WebPage\",\"@id\":\"https:\\\/\\\/islasportwear.com\\\/producto\\\/conjunto-chilena\\\/\",\"url\":\"https:\\\/\\\/islasportwear.com\\\/producto\\\/conjunto-chilena\\\/\",\"name\":\"Conjunto Chilena - KROMA\",\"isPartOf\":{\"@id\":\"https:\\\/\\\/islasportwear.com\\\/#website\"},\"primaryImageOfPage\":{\"@id\":\"https:\\\/\\\/islasportwear.com\\\/producto\\\/conjunto-chilena\\\/#primaryimage\"},\"image\":{\"@id\":\"https:\\\/\\\/islasportwear.com\\\/producto\\\/conjunto-chilena\\\/#primaryimage\"},\"thumbnailUrl\":\"https:\\\/\\\/islasportwear.com\\\/wp-content\\\/uploads\\\/2026\\\/04\\\/A2CEF1E2-3490-4392-B3FE-9D1F40C6A0A7.png\",\"datePublished\":\"2026-04-23T17:54:03+00:00\",\"dateModified\":\"2026-04-25T10:00:44+00:00\",\"breadcrumb\":{\"@id\":\"https:\\\/\\\/islasportwear.com\\\/producto\\\/conjunto-chilena\\\/#breadcrumb\"},\"inLanguage\":\"en-GB\",\"potentialAction\":[{\"@type\":\"ReadAction\",\"target\":[\"https:\\\/\\\/islasportwear.com\\\/producto\\\/conjunto-chilena\\\/\"]}]},{\"@type\":\"ImageObject\",\"inLanguage\":\"en-GB\",\"@id\":\"https:\\\/\\\/islasportwear.com\\\/producto\\\/conjunto-chilena\\\/#primaryimage\",\"url\":\"https:\\\/\\\/islasportwear.com\\\/wp-content\\\/uploads\\\/2026\\\/04\\\/A2CEF1E2-3490-4392-B3FE-9D1F40C6A0A7.png\",\"contentUrl\":\"https:\\\/\\\/islasportwear.com\\\/wp-content\\\/uploads\\\/2026\\\/04\\\/A2CEF1E2-3490-4392-B3FE-9D1F40C6A0A7.png\",\"width\":1254,\"height\":1254},{\"@type\":\"BreadcrumbList\",\"@id\":\"https:\\\/\\\/islasportwear.com\\\/producto\\\/conjunto-chilena\\\/#breadcrumb\",\"itemListElement\":[{\"@type\":\"ListItem\",\"position\":1,\"name\":\"Portada\",\"item\":\"https:\\\/\\\/islasportwear.com\\\/\"},{\"@type\":\"ListItem\",\"position\":2,\"name\":\"Prendas\",\"item\":\"https:\\\/\\\/islasportwear.com\\\/prendas\\\/\"},{\"@type\":\"ListItem\",\"position\":3,\"name\":\"Conjunto Chilena\"}]},{\"@type\":\"WebSite\",\"@id\":\"https:\\\/\\\/islasportwear.com\\\/#website\",\"url\":\"https:\\\/\\\/islasportwear.com\\\/\",\"name\":\"KROMA\",\"description\":\"Custom Sportswear\",\"publisher\":{\"@id\":\"https:\\\/\\\/islasportwear.com\\\/#organization\"},\"potentialAction\":[{\"@type\":\"SearchAction\",\"target\":{\"@type\":\"EntryPoint\",\"urlTemplate\":\"https:\\\/\\\/islasportwear.com\\\/?s={search_term_string}\"},\"query-input\":{\"@type\":\"PropertyValueSpecification\",\"valueRequired\":true,\"valueName\":\"search_term_string\"}}],\"inLanguage\":\"en-GB\"},{\"@type\":\"Organization\",\"@id\":\"https:\\\/\\\/islasportwear.com\\\/#organization\",\"name\":\"KROMA\",\"url\":\"https:\\\/\\\/islasportwear.com\\\/\",\"logo\":{\"@type\":\"ImageObject\",\"inLanguage\":\"en-GB\",\"@id\":\"https:\\\/\\\/islasportwear.com\\\/#\\\/schema\\\/logo\\\/image\\\/\",\"url\":\"https:\\\/\\\/islasportwear.com\\\/wp-content\\\/uploads\\\/2026\\\/03\\\/kroma-logo-2.png\",\"contentUrl\":\"https:\\\/\\\/islasportwear.com\\\/wp-content\\\/uploads\\\/2026\\\/03\\\/kroma-logo-2.png\",\"width\":1446,\"height\":281,\"caption\":\"KROMA\"},\"image\":{\"@id\":\"https:\\\/\\\/islasportwear.com\\\/#\\\/schema\\\/logo\\\/image\\\/\"}}]}<\/script>\n<!-- \/ Yoast SEO plugin. -->","yoast_head_json":{"title":"Conjunto Chilena - KROMA","robots":{"index":"index","follow":"follow","max-snippet":"max-snippet:-1","max-image-preview":"max-image-preview:large","max-video-preview":"max-video-preview:-1"},"canonical":"https:\/\/islasportwear.com\/en\/product\/conjunto-chilena\/","og_locale":"en_GB","og_type":"article","og_title":"Conjunto Chilena - KROMA","og_description":"Conjunto F\u00fatbol \u2013 Equipaci\u00f3n Fullprint Dise\u00f1ado para competir, creado para destacar. El Conjunto F\u00fatbol incluye camiseta y pantal\u00f3n, formando una equipaci\u00f3n completa pensada para rendimiento y presencia dentro del campo. La camiseta ofrece un ajuste ligero y transpirable que favorece la movilidad, mientras que el pantal\u00f3n aporta comodidad y libertad en cada sprint, cambio de ritmo o golpeo. Ambos est\u00e1n confeccionados con tejido t\u00e9cnico que evacua el sudor y mantiene el cuerpo seco durante todo el partido. El acabado fullprint permite una personalizaci\u00f3n total: escudos, dorsales, patrocinadores y dise\u00f1os integrados con un acabado profesional y duradero, sin l\u00edmites creativos. Ideal para clubes, equipos o jugadores que buscan una identidad propia en cada partido.Disponible en corte hombre y corte mujer. No es solo una equipaci\u00f3n\u2026 es tu forma de jugar. \u26bd","og_url":"https:\/\/islasportwear.com\/en\/product\/conjunto-chilena\/","og_site_name":"KROMA","article_modified_time":"2026-04-25T10:00:44+00:00","og_image":[{"width":1254,"height":1254,"url":"https:\/\/islasportwear.com\/wp-content\/uploads\/2026\/04\/A2CEF1E2-3490-4392-B3FE-9D1F40C6A0A7.png","type":"image\/png"}],"twitter_card":"summary_large_image","twitter_misc":{"Estimated reading time":"1 minute"},"schema":{"@context":"https:\/\/schema.org","@graph":[{"@type":"WebPage","@id":"https:\/\/islasportwear.com\/producto\/conjunto-chilena\/","url":"https:\/\/islasportwear.com\/producto\/conjunto-chilena\/","name":"Conjunto Chilena - KROMA","isPartOf":{"@id":"https:\/\/islasportwear.com\/#website"},"primaryImageOfPage":{"@id":"https:\/\/islasportwear.com\/producto\/conjunto-chilena\/#primaryimage"},"image":{"@id":"https:\/\/islasportwear.com\/producto\/conjunto-chilena\/#primaryimage"},"thumbnailUrl":"https:\/\/islasportwear.com\/wp-content\/uploads\/2026\/04\/A2CEF1E2-3490-4392-B3FE-9D1F40C6A0A7.png","datePublished":"2026-04-23T17:54:03+00:00","dateModified":"2026-04-25T10:00:44+00:00","breadcrumb":{"@id":"https:\/\/islasportwear.com\/producto\/conjunto-chilena\/#breadcrumb"},"inLanguage":"en-GB","potentialAction":[{"@type":"ReadAction","target":["https:\/\/islasportwear.com\/producto\/conjunto-chilena\/"]}]},{"@type":"ImageObject","inLanguage":"en-GB","@id":"https:\/\/islasportwear.com\/producto\/conjunto-chilena\/#primaryimage","url":"https:\/\/islasportwear.com\/wp-content\/uploads\/2026\/04\/A2CEF1E2-3490-4392-B3FE-9D1F40C6A0A7.png","contentUrl":"https:\/\/islasportwear.com\/wp-content\/uploads\/2026\/04\/A2CEF1E2-3490-4392-B3FE-9D1F40C6A0A7.png","width":1254,"height":1254},{"@type":"BreadcrumbList","@id":"https:\/\/islasportwear.com\/producto\/conjunto-chilena\/#breadcrumb","itemListElement":[{"@type":"ListItem","position":1,"name":"Portada","item":"https:\/\/islasportwear.com\/"},{"@type":"ListItem","position":2,"name":"Prendas","item":"https:\/\/islasportwear.com\/prendas\/"},{"@type":"ListItem","position":3,"name":"Conjunto Chilena"}]},{"@type":"WebSite","@id":"https:\/\/islasportwear.com\/#website","url":"https:\/\/islasportwear.com\/","name":"KROMA","description":"Custom Sportswear","publisher":{"@id":"https:\/\/islasportwear.com\/#organization"},"potentialAction":[{"@type":"SearchAction","target":{"@type":"EntryPoint","urlTemplate":"https:\/\/islasportwear.com\/?s={search_term_string}"},"query-input":{"@type":"PropertyValueSpecification","valueRequired":true,"valueName":"search_term_string"}}],"inLanguage":"en-GB"},{"@type":"Organization","@id":"https:\/\/islasportwear.com\/#organization","name":"KROMA","url":"https:\/\/islasportwear.com\/","logo":{"@type":"ImageObject","inLanguage":"en-GB","@id":"https:\/\/islasportwear.com\/#\/schema\/logo\/image\/","url":"https:\/\/islasportwear.com\/wp-content\/uploads\/2026\/03\/kroma-logo-2.png","contentUrl":"https:\/\/islasportwear.com\/wp-content\/uploads\/2026\/03\/kroma-logo-2.png","width":1446,"height":281,"caption":"KROMA"},"image":{"@id":"https:\/\/islasportwear.com\/#\/schema\/logo\/image\/"}}]}},"_links":{"self":[{"href":"https:\/\/islasportwear.com\/en\/wp-json\/wp\/v2\/product\/2970","targetHints":{"allow":["GET"]}}],"collection":[{"href":"https:\/\/islasportwear.com\/en\/wp-json\/wp\/v2\/product"}],"about":[{"href":"https:\/\/islasportwear.com\/en\/wp-json\/wp\/v2\/types\/product"}],"replies":[{"embeddable":true,"href":"https:\/\/islasportwear.com\/en\/wp-json\/wp\/v2\/comments?post=2970"}],"wp:featuredmedia":[{"embeddable":true,"href":"https:\/\/islasportwear.com\/en\/wp-json\/wp\/v2\/media\/3010"}],"wp:attachment":[{"href":"https:\/\/islasportwear.com\/en\/wp-json\/wp\/v2\/media?parent=2970"}],"wp:term":[{"taxonomy":"product_brand","embeddable":true,"href":"https:\/\/islasportwear.com\/en\/wp-json\/wp\/v2\/product_brand?post=2970"},{"taxonomy":"product_cat","embeddable":true,"href":"https:\/\/islasportwear.com\/en\/wp-json\/wp\/v2\/product_cat?post=2970"},{"taxonomy":"product_tag","embeddable":true,"href":"https:\/\/islasportwear.com\/en\/wp-json\/wp\/v2\/product_tag?post=2970"}],"curies":[{"name":"wp","href":"https:\/\/api.w.org\/{rel}","templated":true}]}}