{"id":2654,"date":"2026-04-03T09:16:09","date_gmt":"2026-04-03T09:16:09","guid":{"rendered":"https:\/\/islasportwear.com\/?post_type=product&#038;p=2654"},"modified":"2026-04-06T14:56:31","modified_gmt":"2026-04-06T14:56:31","slug":"chaqueta-capucha","status":"publish","type":"product","link":"https:\/\/islasportwear.com\/en\/product\/chaqueta-capucha\/","title":{"rendered":"Chaqueta Capucha"},"content":{"rendered":"<p class=\"p1\"><b>Chaqueta Fullprint con Cremallera, Capucha y Bolsillos<\/b><b><\/b><\/p>\n<p class=\"p3\">Dise\u00f1ada para rendir dentro y fuera del deporte. Combina comodidad, protecci\u00f3n y un estilo totalmente personalizado gracias a su impresi\u00f3n fullprint de alta calidad.<\/p>\n<p class=\"p3\">Con cremallera completa, capucha y bolsillos funcionales, es perfecta para el d\u00eda a d\u00eda o para completar tu equipaci\u00f3n.<\/p>\n<p class=\"p3\">Vers\u00e1til, resistente y con un dise\u00f1o que marca la diferencia.<\/p>","protected":false},"excerpt":{"rendered":"<p class=\"p1\"><b>Chaqueta Fullprint con Cremallera, Capucha y Bolsillos<\/b><b><\/b><\/p>\n<p class=\"p3\">Dise\u00f1ada para rendir dentro y fuera del deporte. Combina comodidad, protecci\u00f3n y un estilo totalmente personalizado gracias a su impresi\u00f3n fullprint de alta calidad.<\/p>\n<p class=\"p3\">Con cremallera completa, capucha y bolsillos funcionales, es perfecta para el d\u00eda a d\u00eda o para completar tu equipaci\u00f3n.<\/p>\n<p class=\"p3\">Vers\u00e1til, resistente y con un dise\u00f1o que marca la diferencia.<\/p>","protected":false},"featured_media":2655,"comment_status":"open","ping_status":"closed","template":"","meta":[],"product_brand":[46],"product_cat":[43],"product_tag":[],"class_list":{"0":"post-2654","1":"product","2":"type-product","3":"status-publish","4":"has-post-thumbnail","6":"product_brand-isla","7":"product_cat-sudaderasychaquetas","9":"first","10":"instock","11":"shipping-taxable","12":"product-type-simple"},"yoast_head":"<!-- This site is optimized with the Yoast SEO plugin v27.3 - https:\/\/yoast.com\/product\/yoast-seo-wordpress\/ -->\n<title>Chaqueta Capucha - KROMA<\/title>\n<meta name=\"robots\" content=\"index, follow, max-snippet:-1, max-image-preview:large, max-video-preview:-1\" \/>\n<link rel=\"canonical\" href=\"https:\/\/islasportwear.com\/en\/product\/chaqueta-capucha\/\" \/>\n<meta property=\"og:locale\" content=\"en_GB\" \/>\n<meta property=\"og:type\" content=\"article\" \/>\n<meta property=\"og:title\" content=\"Chaqueta Capucha - KROMA\" \/>\n<meta property=\"og:description\" content=\"Chaqueta Fullprint con Cremallera, Capucha y Bolsillos Dise\u00f1ada para rendir dentro y fuera del deporte. Combina comodidad, protecci\u00f3n y un estilo totalmente personalizado gracias a su impresi\u00f3n fullprint de alta calidad. Con cremallera completa, capucha y bolsillos funcionales, es perfecta para el d\u00eda a d\u00eda o para completar tu equipaci\u00f3n. Vers\u00e1til, resistente y con un dise\u00f1o que marca la diferencia.\" \/>\n<meta property=\"og:url\" content=\"https:\/\/islasportwear.com\/en\/product\/chaqueta-capucha\/\" \/>\n<meta property=\"og:site_name\" content=\"KROMA\" \/>\n<meta property=\"article:modified_time\" content=\"2026-04-06T14:56:31+00:00\" \/>\n<meta property=\"og:image\" content=\"https:\/\/islasportwear.com\/wp-content\/uploads\/2026\/04\/chaqueta-capucha.png\" \/>\n\t<meta property=\"og:image:width\" content=\"1654\" \/>\n\t<meta property=\"og:image:height\" content=\"1654\" \/>\n\t<meta property=\"og:image:type\" content=\"image\/png\" \/>\n<meta name=\"twitter:card\" content=\"summary_large_image\" \/>\n<meta name=\"twitter:label1\" content=\"Estimated reading time\" \/>\n\t<meta name=\"twitter:data1\" content=\"1 minute\" \/>\n<script type=\"application\/ld+json\" class=\"yoast-schema-graph\">{\"@context\":\"https:\\\/\\\/schema.org\",\"@graph\":[{\"@type\":\"WebPage\",\"@id\":\"https:\\\/\\\/islasportwear.com\\\/producto\\\/chaqueta-capucha\\\/\",\"url\":\"https:\\\/\\\/islasportwear.com\\\/producto\\\/chaqueta-capucha\\\/\",\"name\":\"Chaqueta Capucha - KROMA\",\"isPartOf\":{\"@id\":\"https:\\\/\\\/islasportwear.com\\\/#website\"},\"primaryImageOfPage\":{\"@id\":\"https:\\\/\\\/islasportwear.com\\\/producto\\\/chaqueta-capucha\\\/#primaryimage\"},\"image\":{\"@id\":\"https:\\\/\\\/islasportwear.com\\\/producto\\\/chaqueta-capucha\\\/#primaryimage\"},\"thumbnailUrl\":\"https:\\\/\\\/islasportwear.com\\\/wp-content\\\/uploads\\\/2026\\\/04\\\/chaqueta-capucha.png\",\"datePublished\":\"2026-04-03T09:16:09+00:00\",\"dateModified\":\"2026-04-06T14:56:31+00:00\",\"breadcrumb\":{\"@id\":\"https:\\\/\\\/islasportwear.com\\\/producto\\\/chaqueta-capucha\\\/#breadcrumb\"},\"inLanguage\":\"en-GB\",\"potentialAction\":[{\"@type\":\"ReadAction\",\"target\":[\"https:\\\/\\\/islasportwear.com\\\/producto\\\/chaqueta-capucha\\\/\"]}]},{\"@type\":\"ImageObject\",\"inLanguage\":\"en-GB\",\"@id\":\"https:\\\/\\\/islasportwear.com\\\/producto\\\/chaqueta-capucha\\\/#primaryimage\",\"url\":\"https:\\\/\\\/islasportwear.com\\\/wp-content\\\/uploads\\\/2026\\\/04\\\/chaqueta-capucha.png\",\"contentUrl\":\"https:\\\/\\\/islasportwear.com\\\/wp-content\\\/uploads\\\/2026\\\/04\\\/chaqueta-capucha.png\",\"width\":1654,\"height\":1654},{\"@type\":\"BreadcrumbList\",\"@id\":\"https:\\\/\\\/islasportwear.com\\\/producto\\\/chaqueta-capucha\\\/#breadcrumb\",\"itemListElement\":[{\"@type\":\"ListItem\",\"position\":1,\"name\":\"Portada\",\"item\":\"https:\\\/\\\/islasportwear.com\\\/\"},{\"@type\":\"ListItem\",\"position\":2,\"name\":\"Prendas\",\"item\":\"https:\\\/\\\/islasportwear.com\\\/prendas\\\/\"},{\"@type\":\"ListItem\",\"position\":3,\"name\":\"Chaqueta Capucha\"}]},{\"@type\":\"WebSite\",\"@id\":\"https:\\\/\\\/islasportwear.com\\\/#website\",\"url\":\"https:\\\/\\\/islasportwear.com\\\/\",\"name\":\"KROMA\",\"description\":\"Custom Sportswear\",\"publisher\":{\"@id\":\"https:\\\/\\\/islasportwear.com\\\/#organization\"},\"potentialAction\":[{\"@type\":\"SearchAction\",\"target\":{\"@type\":\"EntryPoint\",\"urlTemplate\":\"https:\\\/\\\/islasportwear.com\\\/?s={search_term_string}\"},\"query-input\":{\"@type\":\"PropertyValueSpecification\",\"valueRequired\":true,\"valueName\":\"search_term_string\"}}],\"inLanguage\":\"en-GB\"},{\"@type\":\"Organization\",\"@id\":\"https:\\\/\\\/islasportwear.com\\\/#organization\",\"name\":\"KROMA\",\"url\":\"https:\\\/\\\/islasportwear.com\\\/\",\"logo\":{\"@type\":\"ImageObject\",\"inLanguage\":\"en-GB\",\"@id\":\"https:\\\/\\\/islasportwear.com\\\/#\\\/schema\\\/logo\\\/image\\\/\",\"url\":\"https:\\\/\\\/islasportwear.com\\\/wp-content\\\/uploads\\\/2026\\\/03\\\/kroma-logo-2.png\",\"contentUrl\":\"https:\\\/\\\/islasportwear.com\\\/wp-content\\\/uploads\\\/2026\\\/03\\\/kroma-logo-2.png\",\"width\":1446,\"height\":281,\"caption\":\"KROMA\"},\"image\":{\"@id\":\"https:\\\/\\\/islasportwear.com\\\/#\\\/schema\\\/logo\\\/image\\\/\"}}]}<\/script>\n<!-- \/ Yoast SEO plugin. -->","yoast_head_json":{"title":"Chaqueta Capucha - KROMA","robots":{"index":"index","follow":"follow","max-snippet":"max-snippet:-1","max-image-preview":"max-image-preview:large","max-video-preview":"max-video-preview:-1"},"canonical":"https:\/\/islasportwear.com\/en\/product\/chaqueta-capucha\/","og_locale":"en_GB","og_type":"article","og_title":"Chaqueta Capucha - KROMA","og_description":"Chaqueta Fullprint con Cremallera, Capucha y Bolsillos Dise\u00f1ada para rendir dentro y fuera del deporte. Combina comodidad, protecci\u00f3n y un estilo totalmente personalizado gracias a su impresi\u00f3n fullprint de alta calidad. Con cremallera completa, capucha y bolsillos funcionales, es perfecta para el d\u00eda a d\u00eda o para completar tu equipaci\u00f3n. Vers\u00e1til, resistente y con un dise\u00f1o que marca la diferencia.","og_url":"https:\/\/islasportwear.com\/en\/product\/chaqueta-capucha\/","og_site_name":"KROMA","article_modified_time":"2026-04-06T14:56:31+00:00","og_image":[{"width":1654,"height":1654,"url":"https:\/\/islasportwear.com\/wp-content\/uploads\/2026\/04\/chaqueta-capucha.png","type":"image\/png"}],"twitter_card":"summary_large_image","twitter_misc":{"Estimated reading time":"1 minute"},"schema":{"@context":"https:\/\/schema.org","@graph":[{"@type":"WebPage","@id":"https:\/\/islasportwear.com\/producto\/chaqueta-capucha\/","url":"https:\/\/islasportwear.com\/producto\/chaqueta-capucha\/","name":"Chaqueta Capucha - KROMA","isPartOf":{"@id":"https:\/\/islasportwear.com\/#website"},"primaryImageOfPage":{"@id":"https:\/\/islasportwear.com\/producto\/chaqueta-capucha\/#primaryimage"},"image":{"@id":"https:\/\/islasportwear.com\/producto\/chaqueta-capucha\/#primaryimage"},"thumbnailUrl":"https:\/\/islasportwear.com\/wp-content\/uploads\/2026\/04\/chaqueta-capucha.png","datePublished":"2026-04-03T09:16:09+00:00","dateModified":"2026-04-06T14:56:31+00:00","breadcrumb":{"@id":"https:\/\/islasportwear.com\/producto\/chaqueta-capucha\/#breadcrumb"},"inLanguage":"en-GB","potentialAction":[{"@type":"ReadAction","target":["https:\/\/islasportwear.com\/producto\/chaqueta-capucha\/"]}]},{"@type":"ImageObject","inLanguage":"en-GB","@id":"https:\/\/islasportwear.com\/producto\/chaqueta-capucha\/#primaryimage","url":"https:\/\/islasportwear.com\/wp-content\/uploads\/2026\/04\/chaqueta-capucha.png","contentUrl":"https:\/\/islasportwear.com\/wp-content\/uploads\/2026\/04\/chaqueta-capucha.png","width":1654,"height":1654},{"@type":"BreadcrumbList","@id":"https:\/\/islasportwear.com\/producto\/chaqueta-capucha\/#breadcrumb","itemListElement":[{"@type":"ListItem","position":1,"name":"Portada","item":"https:\/\/islasportwear.com\/"},{"@type":"ListItem","position":2,"name":"Prendas","item":"https:\/\/islasportwear.com\/prendas\/"},{"@type":"ListItem","position":3,"name":"Chaqueta Capucha"}]},{"@type":"WebSite","@id":"https:\/\/islasportwear.com\/#website","url":"https:\/\/islasportwear.com\/","name":"KROMA","description":"Custom Sportswear","publisher":{"@id":"https:\/\/islasportwear.com\/#organization"},"potentialAction":[{"@type":"SearchAction","target":{"@type":"EntryPoint","urlTemplate":"https:\/\/islasportwear.com\/?s={search_term_string}"},"query-input":{"@type":"PropertyValueSpecification","valueRequired":true,"valueName":"search_term_string"}}],"inLanguage":"en-GB"},{"@type":"Organization","@id":"https:\/\/islasportwear.com\/#organization","name":"KROMA","url":"https:\/\/islasportwear.com\/","logo":{"@type":"ImageObject","inLanguage":"en-GB","@id":"https:\/\/islasportwear.com\/#\/schema\/logo\/image\/","url":"https:\/\/islasportwear.com\/wp-content\/uploads\/2026\/03\/kroma-logo-2.png","contentUrl":"https:\/\/islasportwear.com\/wp-content\/uploads\/2026\/03\/kroma-logo-2.png","width":1446,"height":281,"caption":"KROMA"},"image":{"@id":"https:\/\/islasportwear.com\/#\/schema\/logo\/image\/"}}]}},"_links":{"self":[{"href":"https:\/\/islasportwear.com\/en\/wp-json\/wp\/v2\/product\/2654","targetHints":{"allow":["GET"]}}],"collection":[{"href":"https:\/\/islasportwear.com\/en\/wp-json\/wp\/v2\/product"}],"about":[{"href":"https:\/\/islasportwear.com\/en\/wp-json\/wp\/v2\/types\/product"}],"replies":[{"embeddable":true,"href":"https:\/\/islasportwear.com\/en\/wp-json\/wp\/v2\/comments?post=2654"}],"wp:featuredmedia":[{"embeddable":true,"href":"https:\/\/islasportwear.com\/en\/wp-json\/wp\/v2\/media\/2655"}],"wp:attachment":[{"href":"https:\/\/islasportwear.com\/en\/wp-json\/wp\/v2\/media?parent=2654"}],"wp:term":[{"taxonomy":"product_brand","embeddable":true,"href":"https:\/\/islasportwear.com\/en\/wp-json\/wp\/v2\/product_brand?post=2654"},{"taxonomy":"product_cat","embeddable":true,"href":"https:\/\/islasportwear.com\/en\/wp-json\/wp\/v2\/product_cat?post=2654"},{"taxonomy":"product_tag","embeddable":true,"href":"https:\/\/islasportwear.com\/en\/wp-json\/wp\/v2\/product_tag?post=2654"}],"curies":[{"name":"wp","href":"https:\/\/api.w.org\/{rel}","templated":true}]}}