{"id":2652,"date":"2026-04-03T09:11:16","date_gmt":"2026-04-03T09:11:16","guid":{"rendered":"https:\/\/islasportwear.com\/?post_type=product&#038;p=2652"},"modified":"2026-04-06T14:57:03","modified_gmt":"2026-04-06T14:57:03","slug":"rashguard-vortex","status":"publish","type":"product","link":"https:\/\/islasportwear.com\/en\/product\/rashguard-vortex\/","title":{"rendered":"Rashguard Vortex"},"content":{"rendered":"<p class=\"p1\"><b>Rashguard Fullprint Manga Larga<\/b><b><\/b><\/p>\n<p class=\"p3\">M\u00e1xima protecci\u00f3n y rendimiento en cada movimiento. Dise\u00f1ada con ajuste ergon\u00f3mico y tejido t\u00e9cnico el\u00e1stico, se adapta al cuerpo ofreciendo comodidad y libertad total.<\/p>\n<p class=\"p3\">Su impresi\u00f3n fullprint garantiza colores intensos y duraderos, incluso en uso exigente.<\/p>\n<p class=\"p3\">Perfecta para entrenamientos y competici\u00f3n donde el dise\u00f1o tambi\u00e9n marca la diferencia.<\/p>","protected":false},"excerpt":{"rendered":"<p class=\"p1\"><b>Rashguard Fullprint Manga Larga<\/b><b><\/b><\/p>\n<p class=\"p3\">M\u00e1xima protecci\u00f3n y rendimiento en cada movimiento. Dise\u00f1ada con ajuste ergon\u00f3mico y tejido t\u00e9cnico el\u00e1stico, se adapta al cuerpo ofreciendo comodidad y libertad total.<\/p>\n<p class=\"p3\">Su impresi\u00f3n fullprint garantiza colores intensos y duraderos, incluso en uso exigente.<\/p>\n<p class=\"p3\">Perfecta para entrenamientos y competici\u00f3n donde el dise\u00f1o tambi\u00e9n marca la diferencia.<\/p>\n<div id=\"fws_69c15ff9f3acd\" class=\"wpb_row vc_row-fluid vc_row\" data-column-margin=\"default\" data-midnight=\"dark\">\n<div class=\"row_col_wrap_12 col span_12 dark left\">\n<div class=\"vc_col-sm-8 wpb_column column_container vc_column_container col no-extra-padding inherit_tablet inherit_phone\" data-padding-pos=\"all\" data-has-bg-color=\"false\" data-bg-color=\"\" data-bg-opacity=\"1\" data-animation=\"\" data-delay=\"0\">\n<div class=\"vc_column-inner\">\n<div class=\"wpb_wrapper\">\n<div class=\"wpb_raw_code wpb_content_element wpb_raw_html\">\n<div class=\"wpb_wrapper\">\n<div id=\"footable_parent_7555\" class=\"footable_parent ninja_table_wrapper wp_table_data_press_parent semantic_ui\">\n<p>&nbsp;<\/p>\n<\/div>\n<\/div>\n<\/div>\n<\/div>\n<\/div>\n<\/div>\n<\/div>\n<\/div>","protected":false},"featured_media":2653,"comment_status":"open","ping_status":"closed","template":"","meta":[],"product_brand":[46],"product_cat":[42],"product_tag":[],"class_list":{"0":"post-2652","1":"product","2":"type-product","3":"status-publish","4":"has-post-thumbnail","6":"product_brand-isla","7":"product_cat-camisetas-y-polos","9":"first","10":"instock","11":"shipping-taxable","12":"product-type-simple"},"yoast_head":"<!-- This site is optimized with the Yoast SEO plugin v27.3 - https:\/\/yoast.com\/product\/yoast-seo-wordpress\/ -->\n<title>Rashguard Vortex - KROMA<\/title>\n<meta name=\"robots\" content=\"index, follow, max-snippet:-1, max-image-preview:large, max-video-preview:-1\" \/>\n<link rel=\"canonical\" href=\"https:\/\/islasportwear.com\/en\/product\/rashguard-vortex\/\" \/>\n<meta property=\"og:locale\" content=\"en_GB\" \/>\n<meta property=\"og:type\" content=\"article\" \/>\n<meta property=\"og:title\" content=\"Rashguard Vortex - KROMA\" \/>\n<meta property=\"og:description\" content=\"Rashguard Fullprint Manga Larga M\u00e1xima protecci\u00f3n y rendimiento en cada movimiento. Dise\u00f1ada con ajuste ergon\u00f3mico y tejido t\u00e9cnico el\u00e1stico, se adapta al cuerpo ofreciendo comodidad y libertad total. Su impresi\u00f3n fullprint garantiza colores intensos y duraderos, incluso en uso exigente. Perfecta para entrenamientos y competici\u00f3n donde el dise\u00f1o tambi\u00e9n marca la diferencia.           &nbsp;\" \/>\n<meta property=\"og:url\" content=\"https:\/\/islasportwear.com\/en\/product\/rashguard-vortex\/\" \/>\n<meta property=\"og:site_name\" content=\"KROMA\" \/>\n<meta property=\"article:modified_time\" content=\"2026-04-06T14:57:03+00:00\" \/>\n<meta property=\"og:image\" content=\"https:\/\/islasportwear.com\/wp-content\/uploads\/2026\/04\/rashguard-ml.png\" \/>\n\t<meta property=\"og:image:width\" content=\"1654\" \/>\n\t<meta property=\"og:image:height\" content=\"1654\" \/>\n\t<meta property=\"og:image:type\" content=\"image\/png\" \/>\n<meta name=\"twitter:card\" content=\"summary_large_image\" \/>\n<meta name=\"twitter:label1\" content=\"Estimated reading time\" \/>\n\t<meta name=\"twitter:data1\" content=\"1 minute\" \/>\n<script type=\"application\/ld+json\" class=\"yoast-schema-graph\">{\"@context\":\"https:\\\/\\\/schema.org\",\"@graph\":[{\"@type\":\"WebPage\",\"@id\":\"https:\\\/\\\/islasportwear.com\\\/producto\\\/rashguard-vortex\\\/\",\"url\":\"https:\\\/\\\/islasportwear.com\\\/producto\\\/rashguard-vortex\\\/\",\"name\":\"Rashguard Vortex - KROMA\",\"isPartOf\":{\"@id\":\"https:\\\/\\\/islasportwear.com\\\/#website\"},\"primaryImageOfPage\":{\"@id\":\"https:\\\/\\\/islasportwear.com\\\/producto\\\/rashguard-vortex\\\/#primaryimage\"},\"image\":{\"@id\":\"https:\\\/\\\/islasportwear.com\\\/producto\\\/rashguard-vortex\\\/#primaryimage\"},\"thumbnailUrl\":\"https:\\\/\\\/islasportwear.com\\\/wp-content\\\/uploads\\\/2026\\\/04\\\/rashguard-ml.png\",\"datePublished\":\"2026-04-03T09:11:16+00:00\",\"dateModified\":\"2026-04-06T14:57:03+00:00\",\"breadcrumb\":{\"@id\":\"https:\\\/\\\/islasportwear.com\\\/producto\\\/rashguard-vortex\\\/#breadcrumb\"},\"inLanguage\":\"en-GB\",\"potentialAction\":[{\"@type\":\"ReadAction\",\"target\":[\"https:\\\/\\\/islasportwear.com\\\/producto\\\/rashguard-vortex\\\/\"]}]},{\"@type\":\"ImageObject\",\"inLanguage\":\"en-GB\",\"@id\":\"https:\\\/\\\/islasportwear.com\\\/producto\\\/rashguard-vortex\\\/#primaryimage\",\"url\":\"https:\\\/\\\/islasportwear.com\\\/wp-content\\\/uploads\\\/2026\\\/04\\\/rashguard-ml.png\",\"contentUrl\":\"https:\\\/\\\/islasportwear.com\\\/wp-content\\\/uploads\\\/2026\\\/04\\\/rashguard-ml.png\",\"width\":1654,\"height\":1654},{\"@type\":\"BreadcrumbList\",\"@id\":\"https:\\\/\\\/islasportwear.com\\\/producto\\\/rashguard-vortex\\\/#breadcrumb\",\"itemListElement\":[{\"@type\":\"ListItem\",\"position\":1,\"name\":\"Portada\",\"item\":\"https:\\\/\\\/islasportwear.com\\\/\"},{\"@type\":\"ListItem\",\"position\":2,\"name\":\"Prendas\",\"item\":\"https:\\\/\\\/islasportwear.com\\\/prendas\\\/\"},{\"@type\":\"ListItem\",\"position\":3,\"name\":\"Rashguard Vortex\"}]},{\"@type\":\"WebSite\",\"@id\":\"https:\\\/\\\/islasportwear.com\\\/#website\",\"url\":\"https:\\\/\\\/islasportwear.com\\\/\",\"name\":\"KROMA\",\"description\":\"Custom Sportswear\",\"publisher\":{\"@id\":\"https:\\\/\\\/islasportwear.com\\\/#organization\"},\"potentialAction\":[{\"@type\":\"SearchAction\",\"target\":{\"@type\":\"EntryPoint\",\"urlTemplate\":\"https:\\\/\\\/islasportwear.com\\\/?s={search_term_string}\"},\"query-input\":{\"@type\":\"PropertyValueSpecification\",\"valueRequired\":true,\"valueName\":\"search_term_string\"}}],\"inLanguage\":\"en-GB\"},{\"@type\":\"Organization\",\"@id\":\"https:\\\/\\\/islasportwear.com\\\/#organization\",\"name\":\"KROMA\",\"url\":\"https:\\\/\\\/islasportwear.com\\\/\",\"logo\":{\"@type\":\"ImageObject\",\"inLanguage\":\"en-GB\",\"@id\":\"https:\\\/\\\/islasportwear.com\\\/#\\\/schema\\\/logo\\\/image\\\/\",\"url\":\"https:\\\/\\\/islasportwear.com\\\/wp-content\\\/uploads\\\/2026\\\/03\\\/kroma-logo-2.png\",\"contentUrl\":\"https:\\\/\\\/islasportwear.com\\\/wp-content\\\/uploads\\\/2026\\\/03\\\/kroma-logo-2.png\",\"width\":1446,\"height\":281,\"caption\":\"KROMA\"},\"image\":{\"@id\":\"https:\\\/\\\/islasportwear.com\\\/#\\\/schema\\\/logo\\\/image\\\/\"}}]}<\/script>\n<!-- \/ Yoast SEO plugin. -->","yoast_head_json":{"title":"Rashguard Vortex - KROMA","robots":{"index":"index","follow":"follow","max-snippet":"max-snippet:-1","max-image-preview":"max-image-preview:large","max-video-preview":"max-video-preview:-1"},"canonical":"https:\/\/islasportwear.com\/en\/product\/rashguard-vortex\/","og_locale":"en_GB","og_type":"article","og_title":"Rashguard Vortex - KROMA","og_description":"Rashguard Fullprint Manga Larga M\u00e1xima protecci\u00f3n y rendimiento en cada movimiento. Dise\u00f1ada con ajuste ergon\u00f3mico y tejido t\u00e9cnico el\u00e1stico, se adapta al cuerpo ofreciendo comodidad y libertad total. Su impresi\u00f3n fullprint garantiza colores intensos y duraderos, incluso en uso exigente. Perfecta para entrenamientos y competici\u00f3n donde el dise\u00f1o tambi\u00e9n marca la diferencia.           &nbsp;","og_url":"https:\/\/islasportwear.com\/en\/product\/rashguard-vortex\/","og_site_name":"KROMA","article_modified_time":"2026-04-06T14:57:03+00:00","og_image":[{"width":1654,"height":1654,"url":"https:\/\/islasportwear.com\/wp-content\/uploads\/2026\/04\/rashguard-ml.png","type":"image\/png"}],"twitter_card":"summary_large_image","twitter_misc":{"Estimated reading time":"1 minute"},"schema":{"@context":"https:\/\/schema.org","@graph":[{"@type":"WebPage","@id":"https:\/\/islasportwear.com\/producto\/rashguard-vortex\/","url":"https:\/\/islasportwear.com\/producto\/rashguard-vortex\/","name":"Rashguard Vortex - KROMA","isPartOf":{"@id":"https:\/\/islasportwear.com\/#website"},"primaryImageOfPage":{"@id":"https:\/\/islasportwear.com\/producto\/rashguard-vortex\/#primaryimage"},"image":{"@id":"https:\/\/islasportwear.com\/producto\/rashguard-vortex\/#primaryimage"},"thumbnailUrl":"https:\/\/islasportwear.com\/wp-content\/uploads\/2026\/04\/rashguard-ml.png","datePublished":"2026-04-03T09:11:16+00:00","dateModified":"2026-04-06T14:57:03+00:00","breadcrumb":{"@id":"https:\/\/islasportwear.com\/producto\/rashguard-vortex\/#breadcrumb"},"inLanguage":"en-GB","potentialAction":[{"@type":"ReadAction","target":["https:\/\/islasportwear.com\/producto\/rashguard-vortex\/"]}]},{"@type":"ImageObject","inLanguage":"en-GB","@id":"https:\/\/islasportwear.com\/producto\/rashguard-vortex\/#primaryimage","url":"https:\/\/islasportwear.com\/wp-content\/uploads\/2026\/04\/rashguard-ml.png","contentUrl":"https:\/\/islasportwear.com\/wp-content\/uploads\/2026\/04\/rashguard-ml.png","width":1654,"height":1654},{"@type":"BreadcrumbList","@id":"https:\/\/islasportwear.com\/producto\/rashguard-vortex\/#breadcrumb","itemListElement":[{"@type":"ListItem","position":1,"name":"Portada","item":"https:\/\/islasportwear.com\/"},{"@type":"ListItem","position":2,"name":"Prendas","item":"https:\/\/islasportwear.com\/prendas\/"},{"@type":"ListItem","position":3,"name":"Rashguard Vortex"}]},{"@type":"WebSite","@id":"https:\/\/islasportwear.com\/#website","url":"https:\/\/islasportwear.com\/","name":"KROMA","description":"Custom Sportswear","publisher":{"@id":"https:\/\/islasportwear.com\/#organization"},"potentialAction":[{"@type":"SearchAction","target":{"@type":"EntryPoint","urlTemplate":"https:\/\/islasportwear.com\/?s={search_term_string}"},"query-input":{"@type":"PropertyValueSpecification","valueRequired":true,"valueName":"search_term_string"}}],"inLanguage":"en-GB"},{"@type":"Organization","@id":"https:\/\/islasportwear.com\/#organization","name":"KROMA","url":"https:\/\/islasportwear.com\/","logo":{"@type":"ImageObject","inLanguage":"en-GB","@id":"https:\/\/islasportwear.com\/#\/schema\/logo\/image\/","url":"https:\/\/islasportwear.com\/wp-content\/uploads\/2026\/03\/kroma-logo-2.png","contentUrl":"https:\/\/islasportwear.com\/wp-content\/uploads\/2026\/03\/kroma-logo-2.png","width":1446,"height":281,"caption":"KROMA"},"image":{"@id":"https:\/\/islasportwear.com\/#\/schema\/logo\/image\/"}}]}},"_links":{"self":[{"href":"https:\/\/islasportwear.com\/en\/wp-json\/wp\/v2\/product\/2652","targetHints":{"allow":["GET"]}}],"collection":[{"href":"https:\/\/islasportwear.com\/en\/wp-json\/wp\/v2\/product"}],"about":[{"href":"https:\/\/islasportwear.com\/en\/wp-json\/wp\/v2\/types\/product"}],"replies":[{"embeddable":true,"href":"https:\/\/islasportwear.com\/en\/wp-json\/wp\/v2\/comments?post=2652"}],"wp:featuredmedia":[{"embeddable":true,"href":"https:\/\/islasportwear.com\/en\/wp-json\/wp\/v2\/media\/2653"}],"wp:attachment":[{"href":"https:\/\/islasportwear.com\/en\/wp-json\/wp\/v2\/media?parent=2652"}],"wp:term":[{"taxonomy":"product_brand","embeddable":true,"href":"https:\/\/islasportwear.com\/en\/wp-json\/wp\/v2\/product_brand?post=2652"},{"taxonomy":"product_cat","embeddable":true,"href":"https:\/\/islasportwear.com\/en\/wp-json\/wp\/v2\/product_cat?post=2652"},{"taxonomy":"product_tag","embeddable":true,"href":"https:\/\/islasportwear.com\/en\/wp-json\/wp\/v2\/product_tag?post=2652"}],"curies":[{"name":"wp","href":"https:\/\/api.w.org\/{rel}","templated":true}]}}