{"id":2650,"date":"2026-04-03T09:08:08","date_gmt":"2026-04-03T09:08:08","guid":{"rendered":"https:\/\/islasportwear.com\/?post_type=product&#038;p=2650"},"modified":"2026-04-06T14:57:33","modified_gmt":"2026-04-06T14:57:33","slug":"rashguard-fury","status":"publish","type":"product","link":"https:\/\/islasportwear.com\/en\/product\/rashguard-fury\/","title":{"rendered":"Rashguard Fury"},"content":{"rendered":"<p class=\"p1\"><b>Rashguard Fullprint Manga Corta<\/b><b><\/b><\/p>\n<p class=\"p3\">Rendimiento y dise\u00f1o en una sola prenda. Esta rashguard est\u00e1 pensada para acompa\u00f1arte en cada movimiento, con un ajuste ergon\u00f3mico y tejido t\u00e9cnico que se adapta al cuerpo.<\/p>\n<p class=\"p3\">Su impresi\u00f3n fullprint permite crear dise\u00f1os impactantes, con colores vivos y m\u00e1xima resistencia al uso intensivo.<\/p>\n<p class=\"p3\">Ideal para deporte, competici\u00f3n o entrenamientos donde la imagen tambi\u00e9n cuenta.<\/p>","protected":false},"excerpt":{"rendered":"<p class=\"p1\"><b>Rashguard Fullprint Manga Corta<\/b><b><\/b><\/p>\n<p class=\"p3\">Rendimiento y dise\u00f1o en una sola prenda. Esta rashguard est\u00e1 pensada para acompa\u00f1arte en cada movimiento, con un ajuste ergon\u00f3mico y tejido t\u00e9cnico que se adapta al cuerpo.<\/p>\n<p class=\"p3\">Su impresi\u00f3n fullprint permite crear dise\u00f1os impactantes, con colores vivos y m\u00e1xima resistencia al uso intensivo.<\/p>\n<p class=\"p3\">Ideal para deporte, competici\u00f3n o entrenamientos donde la imagen tambi\u00e9n cuenta.<\/p>","protected":false},"featured_media":2651,"comment_status":"open","ping_status":"closed","template":"","meta":[],"product_brand":[46],"product_cat":[42],"product_tag":[],"class_list":{"0":"post-2650","1":"product","2":"type-product","3":"status-publish","4":"has-post-thumbnail","6":"product_brand-isla","7":"product_cat-camisetas-y-polos","9":"first","10":"instock","11":"shipping-taxable","12":"product-type-simple"},"yoast_head":"<!-- This site is optimized with the Yoast SEO plugin v27.3 - https:\/\/yoast.com\/product\/yoast-seo-wordpress\/ -->\n<title>Rashguard Fury - KROMA<\/title>\n<meta name=\"robots\" content=\"index, follow, max-snippet:-1, max-image-preview:large, max-video-preview:-1\" \/>\n<link rel=\"canonical\" href=\"https:\/\/islasportwear.com\/en\/product\/rashguard-fury\/\" \/>\n<meta property=\"og:locale\" content=\"en_GB\" \/>\n<meta property=\"og:type\" content=\"article\" \/>\n<meta property=\"og:title\" content=\"Rashguard Fury - KROMA\" \/>\n<meta property=\"og:description\" content=\"Rashguard Fullprint Manga Corta Rendimiento y dise\u00f1o en una sola prenda. Esta rashguard est\u00e1 pensada para acompa\u00f1arte en cada movimiento, con un ajuste ergon\u00f3mico y tejido t\u00e9cnico que se adapta al cuerpo. Su impresi\u00f3n fullprint permite crear dise\u00f1os impactantes, con colores vivos y m\u00e1xima resistencia al uso intensivo. Ideal para deporte, competici\u00f3n o entrenamientos donde la imagen tambi\u00e9n cuenta.\" \/>\n<meta property=\"og:url\" content=\"https:\/\/islasportwear.com\/en\/product\/rashguard-fury\/\" \/>\n<meta property=\"og:site_name\" content=\"KROMA\" \/>\n<meta property=\"article:modified_time\" content=\"2026-04-06T14:57:33+00:00\" \/>\n<meta property=\"og:image\" content=\"https:\/\/islasportwear.com\/wp-content\/uploads\/2026\/04\/rashguard-mc.png\" \/>\n\t<meta property=\"og:image:width\" content=\"1654\" \/>\n\t<meta property=\"og:image:height\" content=\"1654\" \/>\n\t<meta property=\"og:image:type\" content=\"image\/png\" \/>\n<meta name=\"twitter:card\" content=\"summary_large_image\" \/>\n<meta name=\"twitter:label1\" content=\"Estimated reading time\" \/>\n\t<meta name=\"twitter:data1\" content=\"1 minute\" \/>\n<script type=\"application\/ld+json\" class=\"yoast-schema-graph\">{\"@context\":\"https:\\\/\\\/schema.org\",\"@graph\":[{\"@type\":\"WebPage\",\"@id\":\"https:\\\/\\\/islasportwear.com\\\/producto\\\/rashguard-fury\\\/\",\"url\":\"https:\\\/\\\/islasportwear.com\\\/producto\\\/rashguard-fury\\\/\",\"name\":\"Rashguard Fury - KROMA\",\"isPartOf\":{\"@id\":\"https:\\\/\\\/islasportwear.com\\\/#website\"},\"primaryImageOfPage\":{\"@id\":\"https:\\\/\\\/islasportwear.com\\\/producto\\\/rashguard-fury\\\/#primaryimage\"},\"image\":{\"@id\":\"https:\\\/\\\/islasportwear.com\\\/producto\\\/rashguard-fury\\\/#primaryimage\"},\"thumbnailUrl\":\"https:\\\/\\\/islasportwear.com\\\/wp-content\\\/uploads\\\/2026\\\/04\\\/rashguard-mc.png\",\"datePublished\":\"2026-04-03T09:08:08+00:00\",\"dateModified\":\"2026-04-06T14:57:33+00:00\",\"breadcrumb\":{\"@id\":\"https:\\\/\\\/islasportwear.com\\\/producto\\\/rashguard-fury\\\/#breadcrumb\"},\"inLanguage\":\"en-GB\",\"potentialAction\":[{\"@type\":\"ReadAction\",\"target\":[\"https:\\\/\\\/islasportwear.com\\\/producto\\\/rashguard-fury\\\/\"]}]},{\"@type\":\"ImageObject\",\"inLanguage\":\"en-GB\",\"@id\":\"https:\\\/\\\/islasportwear.com\\\/producto\\\/rashguard-fury\\\/#primaryimage\",\"url\":\"https:\\\/\\\/islasportwear.com\\\/wp-content\\\/uploads\\\/2026\\\/04\\\/rashguard-mc.png\",\"contentUrl\":\"https:\\\/\\\/islasportwear.com\\\/wp-content\\\/uploads\\\/2026\\\/04\\\/rashguard-mc.png\",\"width\":1654,\"height\":1654},{\"@type\":\"BreadcrumbList\",\"@id\":\"https:\\\/\\\/islasportwear.com\\\/producto\\\/rashguard-fury\\\/#breadcrumb\",\"itemListElement\":[{\"@type\":\"ListItem\",\"position\":1,\"name\":\"Portada\",\"item\":\"https:\\\/\\\/islasportwear.com\\\/\"},{\"@type\":\"ListItem\",\"position\":2,\"name\":\"Prendas\",\"item\":\"https:\\\/\\\/islasportwear.com\\\/prendas\\\/\"},{\"@type\":\"ListItem\",\"position\":3,\"name\":\"Rashguard Fury\"}]},{\"@type\":\"WebSite\",\"@id\":\"https:\\\/\\\/islasportwear.com\\\/#website\",\"url\":\"https:\\\/\\\/islasportwear.com\\\/\",\"name\":\"KROMA\",\"description\":\"Custom Sportswear\",\"publisher\":{\"@id\":\"https:\\\/\\\/islasportwear.com\\\/#organization\"},\"potentialAction\":[{\"@type\":\"SearchAction\",\"target\":{\"@type\":\"EntryPoint\",\"urlTemplate\":\"https:\\\/\\\/islasportwear.com\\\/?s={search_term_string}\"},\"query-input\":{\"@type\":\"PropertyValueSpecification\",\"valueRequired\":true,\"valueName\":\"search_term_string\"}}],\"inLanguage\":\"en-GB\"},{\"@type\":\"Organization\",\"@id\":\"https:\\\/\\\/islasportwear.com\\\/#organization\",\"name\":\"KROMA\",\"url\":\"https:\\\/\\\/islasportwear.com\\\/\",\"logo\":{\"@type\":\"ImageObject\",\"inLanguage\":\"en-GB\",\"@id\":\"https:\\\/\\\/islasportwear.com\\\/#\\\/schema\\\/logo\\\/image\\\/\",\"url\":\"https:\\\/\\\/islasportwear.com\\\/wp-content\\\/uploads\\\/2026\\\/03\\\/kroma-logo-2.png\",\"contentUrl\":\"https:\\\/\\\/islasportwear.com\\\/wp-content\\\/uploads\\\/2026\\\/03\\\/kroma-logo-2.png\",\"width\":1446,\"height\":281,\"caption\":\"KROMA\"},\"image\":{\"@id\":\"https:\\\/\\\/islasportwear.com\\\/#\\\/schema\\\/logo\\\/image\\\/\"}}]}<\/script>\n<!-- \/ Yoast SEO plugin. -->","yoast_head_json":{"title":"Rashguard Fury - KROMA","robots":{"index":"index","follow":"follow","max-snippet":"max-snippet:-1","max-image-preview":"max-image-preview:large","max-video-preview":"max-video-preview:-1"},"canonical":"https:\/\/islasportwear.com\/en\/product\/rashguard-fury\/","og_locale":"en_GB","og_type":"article","og_title":"Rashguard Fury - KROMA","og_description":"Rashguard Fullprint Manga Corta Rendimiento y dise\u00f1o en una sola prenda. Esta rashguard est\u00e1 pensada para acompa\u00f1arte en cada movimiento, con un ajuste ergon\u00f3mico y tejido t\u00e9cnico que se adapta al cuerpo. Su impresi\u00f3n fullprint permite crear dise\u00f1os impactantes, con colores vivos y m\u00e1xima resistencia al uso intensivo. Ideal para deporte, competici\u00f3n o entrenamientos donde la imagen tambi\u00e9n cuenta.","og_url":"https:\/\/islasportwear.com\/en\/product\/rashguard-fury\/","og_site_name":"KROMA","article_modified_time":"2026-04-06T14:57:33+00:00","og_image":[{"width":1654,"height":1654,"url":"https:\/\/islasportwear.com\/wp-content\/uploads\/2026\/04\/rashguard-mc.png","type":"image\/png"}],"twitter_card":"summary_large_image","twitter_misc":{"Estimated reading time":"1 minute"},"schema":{"@context":"https:\/\/schema.org","@graph":[{"@type":"WebPage","@id":"https:\/\/islasportwear.com\/producto\/rashguard-fury\/","url":"https:\/\/islasportwear.com\/producto\/rashguard-fury\/","name":"Rashguard Fury - KROMA","isPartOf":{"@id":"https:\/\/islasportwear.com\/#website"},"primaryImageOfPage":{"@id":"https:\/\/islasportwear.com\/producto\/rashguard-fury\/#primaryimage"},"image":{"@id":"https:\/\/islasportwear.com\/producto\/rashguard-fury\/#primaryimage"},"thumbnailUrl":"https:\/\/islasportwear.com\/wp-content\/uploads\/2026\/04\/rashguard-mc.png","datePublished":"2026-04-03T09:08:08+00:00","dateModified":"2026-04-06T14:57:33+00:00","breadcrumb":{"@id":"https:\/\/islasportwear.com\/producto\/rashguard-fury\/#breadcrumb"},"inLanguage":"en-GB","potentialAction":[{"@type":"ReadAction","target":["https:\/\/islasportwear.com\/producto\/rashguard-fury\/"]}]},{"@type":"ImageObject","inLanguage":"en-GB","@id":"https:\/\/islasportwear.com\/producto\/rashguard-fury\/#primaryimage","url":"https:\/\/islasportwear.com\/wp-content\/uploads\/2026\/04\/rashguard-mc.png","contentUrl":"https:\/\/islasportwear.com\/wp-content\/uploads\/2026\/04\/rashguard-mc.png","width":1654,"height":1654},{"@type":"BreadcrumbList","@id":"https:\/\/islasportwear.com\/producto\/rashguard-fury\/#breadcrumb","itemListElement":[{"@type":"ListItem","position":1,"name":"Portada","item":"https:\/\/islasportwear.com\/"},{"@type":"ListItem","position":2,"name":"Prendas","item":"https:\/\/islasportwear.com\/prendas\/"},{"@type":"ListItem","position":3,"name":"Rashguard Fury"}]},{"@type":"WebSite","@id":"https:\/\/islasportwear.com\/#website","url":"https:\/\/islasportwear.com\/","name":"KROMA","description":"Custom Sportswear","publisher":{"@id":"https:\/\/islasportwear.com\/#organization"},"potentialAction":[{"@type":"SearchAction","target":{"@type":"EntryPoint","urlTemplate":"https:\/\/islasportwear.com\/?s={search_term_string}"},"query-input":{"@type":"PropertyValueSpecification","valueRequired":true,"valueName":"search_term_string"}}],"inLanguage":"en-GB"},{"@type":"Organization","@id":"https:\/\/islasportwear.com\/#organization","name":"KROMA","url":"https:\/\/islasportwear.com\/","logo":{"@type":"ImageObject","inLanguage":"en-GB","@id":"https:\/\/islasportwear.com\/#\/schema\/logo\/image\/","url":"https:\/\/islasportwear.com\/wp-content\/uploads\/2026\/03\/kroma-logo-2.png","contentUrl":"https:\/\/islasportwear.com\/wp-content\/uploads\/2026\/03\/kroma-logo-2.png","width":1446,"height":281,"caption":"KROMA"},"image":{"@id":"https:\/\/islasportwear.com\/#\/schema\/logo\/image\/"}}]}},"_links":{"self":[{"href":"https:\/\/islasportwear.com\/en\/wp-json\/wp\/v2\/product\/2650","targetHints":{"allow":["GET"]}}],"collection":[{"href":"https:\/\/islasportwear.com\/en\/wp-json\/wp\/v2\/product"}],"about":[{"href":"https:\/\/islasportwear.com\/en\/wp-json\/wp\/v2\/types\/product"}],"replies":[{"embeddable":true,"href":"https:\/\/islasportwear.com\/en\/wp-json\/wp\/v2\/comments?post=2650"}],"wp:featuredmedia":[{"embeddable":true,"href":"https:\/\/islasportwear.com\/en\/wp-json\/wp\/v2\/media\/2651"}],"wp:attachment":[{"href":"https:\/\/islasportwear.com\/en\/wp-json\/wp\/v2\/media?parent=2650"}],"wp:term":[{"taxonomy":"product_brand","embeddable":true,"href":"https:\/\/islasportwear.com\/en\/wp-json\/wp\/v2\/product_brand?post=2650"},{"taxonomy":"product_cat","embeddable":true,"href":"https:\/\/islasportwear.com\/en\/wp-json\/wp\/v2\/product_cat?post=2650"},{"taxonomy":"product_tag","embeddable":true,"href":"https:\/\/islasportwear.com\/en\/wp-json\/wp\/v2\/product_tag?post=2650"}],"curies":[{"name":"wp","href":"https:\/\/api.w.org\/{rel}","templated":true}]}}