{"id":2358,"date":"2026-03-27T16:59:02","date_gmt":"2026-03-27T16:59:02","guid":{"rendered":"https:\/\/islasportwear.com\/?post_type=product&#038;p=2358"},"modified":"2026-04-06T14:58:39","modified_gmt":"2026-04-06T14:58:39","slug":"top-empowered","status":"publish","type":"product","link":"https:\/\/islasportwear.com\/en\/product\/top-empowered\/","title":{"rendered":"Top Empowered"},"content":{"rendered":"<p data-start=\"191\" data-end=\"341\">El <strong data-start=\"194\" data-end=\"235\">top deportivo fullprint personalizado<\/strong> combina <strong data-start=\"244\" data-end=\"276\">sujeci\u00f3n, comodidad y dise\u00f1o<\/strong>, siendo la prenda perfecta para entrenar con estilo y seguridad.<\/p>\n<p data-start=\"343\" data-end=\"573\">Gracias a su tejido t\u00e9cnico el\u00e1stico y transpirable, se adapta al cuerpo ofreciendo un ajuste firme y c\u00f3modo, mientras que la impresi\u00f3n <strong data-start=\"479\" data-end=\"497\">fullprint 360\u00ba<\/strong> permite crear dise\u00f1os \u00fanicos con acabados profesionales y colores intensos.<\/p>","protected":false},"excerpt":{"rendered":"<p data-start=\"191\" data-end=\"341\">El <strong data-start=\"194\" data-end=\"235\">top deportivo fullprint personalizado<\/strong> combina <strong data-start=\"244\" data-end=\"276\">sujeci\u00f3n, comodidad y dise\u00f1o<\/strong>, siendo la prenda perfecta para entrenar con estilo y seguridad.<\/p>\n<p data-start=\"343\" data-end=\"573\">Gracias a su tejido t\u00e9cnico el\u00e1stico y transpirable, se adapta al cuerpo ofreciendo un ajuste firme y c\u00f3modo, mientras que la impresi\u00f3n <strong data-start=\"479\" data-end=\"497\">fullprint 360\u00ba<\/strong> permite crear dise\u00f1os \u00fanicos con acabados profesionales y colores intensos.<\/p>","protected":false},"featured_media":2643,"comment_status":"open","ping_status":"closed","template":"","meta":[],"product_brand":[46],"product_cat":[42],"product_tag":[],"class_list":{"0":"post-2358","1":"product","2":"type-product","3":"status-publish","4":"has-post-thumbnail","6":"product_brand-isla","7":"product_cat-camisetas-y-polos","9":"first","10":"instock","11":"shipping-taxable","12":"product-type-simple"},"yoast_head":"<!-- This site is optimized with the Yoast SEO plugin v27.3 - https:\/\/yoast.com\/product\/yoast-seo-wordpress\/ -->\n<title>Top Empowered - KROMA<\/title>\n<meta name=\"robots\" content=\"index, follow, max-snippet:-1, max-image-preview:large, max-video-preview:-1\" \/>\n<link rel=\"canonical\" href=\"https:\/\/islasportwear.com\/en\/product\/top-empowered\/\" \/>\n<meta property=\"og:locale\" content=\"en_GB\" \/>\n<meta property=\"og:type\" content=\"article\" \/>\n<meta property=\"og:title\" content=\"Top Empowered - KROMA\" \/>\n<meta property=\"og:description\" content=\"El top deportivo fullprint personalizado combina sujeci\u00f3n, comodidad y dise\u00f1o, siendo la prenda perfecta para entrenar con estilo y seguridad. Gracias a su tejido t\u00e9cnico el\u00e1stico y transpirable, se adapta al cuerpo ofreciendo un ajuste firme y c\u00f3modo, mientras que la impresi\u00f3n fullprint 360\u00ba permite crear dise\u00f1os \u00fanicos con acabados profesionales y colores intensos.\" \/>\n<meta property=\"og:url\" content=\"https:\/\/islasportwear.com\/en\/product\/top-empowered\/\" \/>\n<meta property=\"og:site_name\" content=\"KROMA\" \/>\n<meta property=\"article:modified_time\" content=\"2026-04-06T14:58:39+00:00\" \/>\n<meta property=\"og:image\" content=\"https:\/\/islasportwear.com\/wp-content\/uploads\/2026\/03\/top-deportivo.png\" \/>\n\t<meta property=\"og:image:width\" content=\"1654\" \/>\n\t<meta property=\"og:image:height\" content=\"1654\" \/>\n\t<meta property=\"og:image:type\" content=\"image\/png\" \/>\n<meta name=\"twitter:card\" content=\"summary_large_image\" \/>\n<meta name=\"twitter:label1\" content=\"Estimated reading time\" \/>\n\t<meta name=\"twitter:data1\" content=\"1 minute\" \/>\n<script type=\"application\/ld+json\" class=\"yoast-schema-graph\">{\"@context\":\"https:\\\/\\\/schema.org\",\"@graph\":[{\"@type\":\"WebPage\",\"@id\":\"https:\\\/\\\/islasportwear.com\\\/producto\\\/top-empowered\\\/\",\"url\":\"https:\\\/\\\/islasportwear.com\\\/producto\\\/top-empowered\\\/\",\"name\":\"Top Empowered - KROMA\",\"isPartOf\":{\"@id\":\"https:\\\/\\\/islasportwear.com\\\/#website\"},\"primaryImageOfPage\":{\"@id\":\"https:\\\/\\\/islasportwear.com\\\/producto\\\/top-empowered\\\/#primaryimage\"},\"image\":{\"@id\":\"https:\\\/\\\/islasportwear.com\\\/producto\\\/top-empowered\\\/#primaryimage\"},\"thumbnailUrl\":\"https:\\\/\\\/islasportwear.com\\\/wp-content\\\/uploads\\\/2026\\\/03\\\/top-deportivo.png\",\"datePublished\":\"2026-03-27T16:59:02+00:00\",\"dateModified\":\"2026-04-06T14:58:39+00:00\",\"breadcrumb\":{\"@id\":\"https:\\\/\\\/islasportwear.com\\\/producto\\\/top-empowered\\\/#breadcrumb\"},\"inLanguage\":\"en-GB\",\"potentialAction\":[{\"@type\":\"ReadAction\",\"target\":[\"https:\\\/\\\/islasportwear.com\\\/producto\\\/top-empowered\\\/\"]}]},{\"@type\":\"ImageObject\",\"inLanguage\":\"en-GB\",\"@id\":\"https:\\\/\\\/islasportwear.com\\\/producto\\\/top-empowered\\\/#primaryimage\",\"url\":\"https:\\\/\\\/islasportwear.com\\\/wp-content\\\/uploads\\\/2026\\\/03\\\/top-deportivo.png\",\"contentUrl\":\"https:\\\/\\\/islasportwear.com\\\/wp-content\\\/uploads\\\/2026\\\/03\\\/top-deportivo.png\",\"width\":1654,\"height\":1654},{\"@type\":\"BreadcrumbList\",\"@id\":\"https:\\\/\\\/islasportwear.com\\\/producto\\\/top-empowered\\\/#breadcrumb\",\"itemListElement\":[{\"@type\":\"ListItem\",\"position\":1,\"name\":\"Portada\",\"item\":\"https:\\\/\\\/islasportwear.com\\\/\"},{\"@type\":\"ListItem\",\"position\":2,\"name\":\"Prendas\",\"item\":\"https:\\\/\\\/islasportwear.com\\\/prendas\\\/\"},{\"@type\":\"ListItem\",\"position\":3,\"name\":\"Top Empowered\"}]},{\"@type\":\"WebSite\",\"@id\":\"https:\\\/\\\/islasportwear.com\\\/#website\",\"url\":\"https:\\\/\\\/islasportwear.com\\\/\",\"name\":\"KROMA\",\"description\":\"Custom Sportswear\",\"publisher\":{\"@id\":\"https:\\\/\\\/islasportwear.com\\\/#organization\"},\"potentialAction\":[{\"@type\":\"SearchAction\",\"target\":{\"@type\":\"EntryPoint\",\"urlTemplate\":\"https:\\\/\\\/islasportwear.com\\\/?s={search_term_string}\"},\"query-input\":{\"@type\":\"PropertyValueSpecification\",\"valueRequired\":true,\"valueName\":\"search_term_string\"}}],\"inLanguage\":\"en-GB\"},{\"@type\":\"Organization\",\"@id\":\"https:\\\/\\\/islasportwear.com\\\/#organization\",\"name\":\"KROMA\",\"url\":\"https:\\\/\\\/islasportwear.com\\\/\",\"logo\":{\"@type\":\"ImageObject\",\"inLanguage\":\"en-GB\",\"@id\":\"https:\\\/\\\/islasportwear.com\\\/#\\\/schema\\\/logo\\\/image\\\/\",\"url\":\"https:\\\/\\\/islasportwear.com\\\/wp-content\\\/uploads\\\/2026\\\/03\\\/kroma-logo-2.png\",\"contentUrl\":\"https:\\\/\\\/islasportwear.com\\\/wp-content\\\/uploads\\\/2026\\\/03\\\/kroma-logo-2.png\",\"width\":1446,\"height\":281,\"caption\":\"KROMA\"},\"image\":{\"@id\":\"https:\\\/\\\/islasportwear.com\\\/#\\\/schema\\\/logo\\\/image\\\/\"}}]}<\/script>\n<!-- \/ Yoast SEO plugin. -->","yoast_head_json":{"title":"Top Empowered - KROMA","robots":{"index":"index","follow":"follow","max-snippet":"max-snippet:-1","max-image-preview":"max-image-preview:large","max-video-preview":"max-video-preview:-1"},"canonical":"https:\/\/islasportwear.com\/en\/product\/top-empowered\/","og_locale":"en_GB","og_type":"article","og_title":"Top Empowered - KROMA","og_description":"El top deportivo fullprint personalizado combina sujeci\u00f3n, comodidad y dise\u00f1o, siendo la prenda perfecta para entrenar con estilo y seguridad. Gracias a su tejido t\u00e9cnico el\u00e1stico y transpirable, se adapta al cuerpo ofreciendo un ajuste firme y c\u00f3modo, mientras que la impresi\u00f3n fullprint 360\u00ba permite crear dise\u00f1os \u00fanicos con acabados profesionales y colores intensos.","og_url":"https:\/\/islasportwear.com\/en\/product\/top-empowered\/","og_site_name":"KROMA","article_modified_time":"2026-04-06T14:58:39+00:00","og_image":[{"width":1654,"height":1654,"url":"https:\/\/islasportwear.com\/wp-content\/uploads\/2026\/03\/top-deportivo.png","type":"image\/png"}],"twitter_card":"summary_large_image","twitter_misc":{"Estimated reading time":"1 minute"},"schema":{"@context":"https:\/\/schema.org","@graph":[{"@type":"WebPage","@id":"https:\/\/islasportwear.com\/producto\/top-empowered\/","url":"https:\/\/islasportwear.com\/producto\/top-empowered\/","name":"Top Empowered - KROMA","isPartOf":{"@id":"https:\/\/islasportwear.com\/#website"},"primaryImageOfPage":{"@id":"https:\/\/islasportwear.com\/producto\/top-empowered\/#primaryimage"},"image":{"@id":"https:\/\/islasportwear.com\/producto\/top-empowered\/#primaryimage"},"thumbnailUrl":"https:\/\/islasportwear.com\/wp-content\/uploads\/2026\/03\/top-deportivo.png","datePublished":"2026-03-27T16:59:02+00:00","dateModified":"2026-04-06T14:58:39+00:00","breadcrumb":{"@id":"https:\/\/islasportwear.com\/producto\/top-empowered\/#breadcrumb"},"inLanguage":"en-GB","potentialAction":[{"@type":"ReadAction","target":["https:\/\/islasportwear.com\/producto\/top-empowered\/"]}]},{"@type":"ImageObject","inLanguage":"en-GB","@id":"https:\/\/islasportwear.com\/producto\/top-empowered\/#primaryimage","url":"https:\/\/islasportwear.com\/wp-content\/uploads\/2026\/03\/top-deportivo.png","contentUrl":"https:\/\/islasportwear.com\/wp-content\/uploads\/2026\/03\/top-deportivo.png","width":1654,"height":1654},{"@type":"BreadcrumbList","@id":"https:\/\/islasportwear.com\/producto\/top-empowered\/#breadcrumb","itemListElement":[{"@type":"ListItem","position":1,"name":"Portada","item":"https:\/\/islasportwear.com\/"},{"@type":"ListItem","position":2,"name":"Prendas","item":"https:\/\/islasportwear.com\/prendas\/"},{"@type":"ListItem","position":3,"name":"Top Empowered"}]},{"@type":"WebSite","@id":"https:\/\/islasportwear.com\/#website","url":"https:\/\/islasportwear.com\/","name":"KROMA","description":"Custom Sportswear","publisher":{"@id":"https:\/\/islasportwear.com\/#organization"},"potentialAction":[{"@type":"SearchAction","target":{"@type":"EntryPoint","urlTemplate":"https:\/\/islasportwear.com\/?s={search_term_string}"},"query-input":{"@type":"PropertyValueSpecification","valueRequired":true,"valueName":"search_term_string"}}],"inLanguage":"en-GB"},{"@type":"Organization","@id":"https:\/\/islasportwear.com\/#organization","name":"KROMA","url":"https:\/\/islasportwear.com\/","logo":{"@type":"ImageObject","inLanguage":"en-GB","@id":"https:\/\/islasportwear.com\/#\/schema\/logo\/image\/","url":"https:\/\/islasportwear.com\/wp-content\/uploads\/2026\/03\/kroma-logo-2.png","contentUrl":"https:\/\/islasportwear.com\/wp-content\/uploads\/2026\/03\/kroma-logo-2.png","width":1446,"height":281,"caption":"KROMA"},"image":{"@id":"https:\/\/islasportwear.com\/#\/schema\/logo\/image\/"}}]}},"_links":{"self":[{"href":"https:\/\/islasportwear.com\/en\/wp-json\/wp\/v2\/product\/2358","targetHints":{"allow":["GET"]}}],"collection":[{"href":"https:\/\/islasportwear.com\/en\/wp-json\/wp\/v2\/product"}],"about":[{"href":"https:\/\/islasportwear.com\/en\/wp-json\/wp\/v2\/types\/product"}],"replies":[{"embeddable":true,"href":"https:\/\/islasportwear.com\/en\/wp-json\/wp\/v2\/comments?post=2358"}],"wp:featuredmedia":[{"embeddable":true,"href":"https:\/\/islasportwear.com\/en\/wp-json\/wp\/v2\/media\/2643"}],"wp:attachment":[{"href":"https:\/\/islasportwear.com\/en\/wp-json\/wp\/v2\/media?parent=2358"}],"wp:term":[{"taxonomy":"product_brand","embeddable":true,"href":"https:\/\/islasportwear.com\/en\/wp-json\/wp\/v2\/product_brand?post=2358"},{"taxonomy":"product_cat","embeddable":true,"href":"https:\/\/islasportwear.com\/en\/wp-json\/wp\/v2\/product_cat?post=2358"},{"taxonomy":"product_tag","embeddable":true,"href":"https:\/\/islasportwear.com\/en\/wp-json\/wp\/v2\/product_tag?post=2358"}],"curies":[{"name":"wp","href":"https:\/\/api.w.org\/{rel}","templated":true}]}}